{"id":7826,"date":"2021-10-06T14:44:54","date_gmt":"2021-10-06T12:44:54","guid":{"rendered":"https:\/\/dom-polski.fr\/?post_type=product&#038;p=7826"},"modified":"2021-10-06T14:47:19","modified_gmt":"2021-10-06T12:47:19","slug":"babouchka-chien-3-pieces","status":"publish","type":"product","link":"https:\/\/dom-polski.fr\/index.php\/product\/babouchka-chien-3-pieces\/","title":{"rendered":"Babouchka chien 3 pi\u00e8ces"},"content":{"rendered":"<p>Dimension de la plus grande pi\u00e8ce : 10,50 cm<br \/>\nDimension de la plus petite pi\u00e8ce : 5,50 cm<br \/>\nNombre de pi\u00e8ces : 3<br \/>\nMati\u00e8re : Bois<\/p>\n","protected":false},"excerpt":{"rendered":"<p>Dimension de la plus grande pi\u00e8ce : 10,50 cm Dimension de la plus petite pi\u00e8ce : 5,50 cm Nombre de pi\u00e8ces : 3 Mati\u00e8re : Bois<\/p>\n","protected":false},"featured_media":7824,"comment_status":"open","ping_status":"closed","template":"","meta":{"spay_email":"","jetpack_publicize_message":"","jetpack_is_tweetstorm":false},"aioseo_notices":[],"jetpack_publicize_connections":[],"jetpack_likes_enabled":false,"_links":{"self":[{"href":"https:\/\/dom-polski.fr\/index.php\/wp-json\/wp\/v2\/product\/7826"}],"collection":[{"href":"https:\/\/dom-polski.fr\/index.php\/wp-json\/wp\/v2\/product"}],"about":[{"href":"https:\/\/dom-polski.fr\/index.php\/wp-json\/wp\/v2\/types\/product"}],"replies":[{"embeddable":true,"href":"https:\/\/dom-polski.fr\/index.php\/wp-json\/wp\/v2\/comments?post=7826"}],"wp:featuredmedia":[{"embeddable":true,"href":"https:\/\/dom-polski.fr\/index.php\/wp-json\/wp\/v2\/media\/7824"}],"wp:attachment":[{"href":"https:\/\/dom-polski.fr\/index.php\/wp-json\/wp\/v2\/media?parent=7826"}],"curies":[{"name":"wp","href":"https:\/\/api.w.org\/{rel}","templated":true}]}}