{"id":782,"date":"2018-02-09T18:16:15","date_gmt":"2018-02-09T17:16:15","guid":{"rendered":"http:\/\/dom-polski.fr\/?post_type=product&#038;p=782"},"modified":"2024-11-20T02:15:04","modified_gmt":"2024-11-20T01:15:04","slug":"babouchka-semenov-4-pieces","status":"publish","type":"product","link":"https:\/\/dom-polski.fr\/index.php\/product\/babouchka-semenov-4-pieces\/","title":{"rendered":"Babouchka \u00ab\u00a0Semenov\u00a0\u00bb 4 pi\u00e8ces"},"content":{"rendered":"<p>Voici une superbe babouchka peinte \u00e0 la main. Les poup\u00e9es polonaises ont une base de bois de tilleul, une seule pi\u00e8ce de bois permet la d\u00e9coupe de l\u2019ensemble.<\/p>\n","protected":false},"excerpt":{"rendered":"<p>Hauteur de la premi\u00e8re poup\u00e9e : 10,50 cm env.<\/p>\n<p>Nombre de pi\u00e8ces : 3<\/p>\n<p>Finition : Vernissage brillant<\/p>\n<p>Fabrication : Artisanale <a class=\"more-link\" href=\"https:\/\/dom-polski.fr\/index.php\/product\/babouchka-semenov-4-pieces\/\">Afficher la suite \u2192<\/a><\/p>\n","protected":false},"featured_media":780,"comment_status":"open","ping_status":"closed","template":"","meta":{"spay_email":"","jetpack_publicize_message":"","jetpack_is_tweetstorm":false},"aioseo_notices":[],"jetpack_publicize_connections":[],"jetpack_likes_enabled":false,"_links":{"self":[{"href":"https:\/\/dom-polski.fr\/index.php\/wp-json\/wp\/v2\/product\/782"}],"collection":[{"href":"https:\/\/dom-polski.fr\/index.php\/wp-json\/wp\/v2\/product"}],"about":[{"href":"https:\/\/dom-polski.fr\/index.php\/wp-json\/wp\/v2\/types\/product"}],"replies":[{"embeddable":true,"href":"https:\/\/dom-polski.fr\/index.php\/wp-json\/wp\/v2\/comments?post=782"}],"wp:featuredmedia":[{"embeddable":true,"href":"https:\/\/dom-polski.fr\/index.php\/wp-json\/wp\/v2\/media\/780"}],"wp:attachment":[{"href":"https:\/\/dom-polski.fr\/index.php\/wp-json\/wp\/v2\/media?parent=782"}],"curies":[{"name":"wp","href":"https:\/\/api.w.org\/{rel}","templated":true}]}}