{"id":7638,"date":"2021-09-17T11:32:42","date_gmt":"2021-09-17T09:32:42","guid":{"rendered":"https:\/\/dom-polski.fr\/?post_type=product&#038;p=7638"},"modified":"2023-06-12T16:36:09","modified_gmt":"2023-06-12T14:36:09","slug":"sticks-au-sesame-100-g","status":"publish","type":"product","link":"https:\/\/dom-polski.fr\/index.php\/product\/sticks-au-sesame-100-g\/","title":{"rendered":"Sticks au s\u00e9same 100 g"},"content":{"rendered":"<p>Ingr\u00e9dients : <span style=\"color: #64686c; font-size: small;\">Farine de bl\u00e9, graines de s\u00e9same (10 %), huile v\u00e9g\u00e9tale de colza, sucre, sirop de glucose-fructose, sel, poudres \u00e0 lever : carbonates de sodium, carbonates d&rsquo;ammonium ;<\/span><span style=\"color: #64686c; font-size: small;\">\u00a0<\/span><span style=\"color: #64686c; text-transform: none; text-indent: 0px; letter-spacing: normal; font-family: 'Helvetica Neue', Helvetica, Arial, sans-serif; font-size: 13px; font-style: normal; font-weight: 400; word-spacing: 0px; vertical-align: inherit; white-space: normal; orphans: 2; widows: 2; background-color: #ffffff; font-variant-ligatures: normal; font-variant-caps: normal; -webkit-text-stroke-width: 0px; text-decoration-thickness: initial; text-decoration-style: initial; text-decoration-color: initial;\">correcteur d&rsquo;acidit\u00e9, soude, ar\u00f4mes.<br \/>\nAllerg\u00e8nes : Avoine, bl\u00e9, orge, c\u00e9r\u00e9ales, seigle et graines de s\u00e9same.<br \/>\nPeut contenir : Lait, cacahu\u00e8te et soja. <\/span><\/p>\n","protected":false},"excerpt":{"rendered":"<p>Ingr\u00e9dients : Farine de bl\u00e9, graines de s\u00e9same (10 %), huile v\u00e9g\u00e9tale de colza, sucre, sirop de glucose-fructose, sel, poudres \u00e0 lever : carbonates de sodium, carbonates d&rsquo;ammonium ;\u00a0correcteur d&rsquo;acidit\u00e9, <a class=\"more-link\" href=\"https:\/\/dom-polski.fr\/index.php\/product\/sticks-au-sesame-100-g\/\">Afficher la suite \u2192<\/a><\/p>\n","protected":false},"featured_media":7639,"comment_status":"open","ping_status":"closed","template":"","meta":{"spay_email":"","jetpack_publicize_message":"","jetpack_is_tweetstorm":false},"aioseo_notices":[],"jetpack_publicize_connections":[],"jetpack_likes_enabled":false,"_links":{"self":[{"href":"https:\/\/dom-polski.fr\/index.php\/wp-json\/wp\/v2\/product\/7638"}],"collection":[{"href":"https:\/\/dom-polski.fr\/index.php\/wp-json\/wp\/v2\/product"}],"about":[{"href":"https:\/\/dom-polski.fr\/index.php\/wp-json\/wp\/v2\/types\/product"}],"replies":[{"embeddable":true,"href":"https:\/\/dom-polski.fr\/index.php\/wp-json\/wp\/v2\/comments?post=7638"}],"wp:featuredmedia":[{"embeddable":true,"href":"https:\/\/dom-polski.fr\/index.php\/wp-json\/wp\/v2\/media\/7639"}],"wp:attachment":[{"href":"https:\/\/dom-polski.fr\/index.php\/wp-json\/wp\/v2\/media?parent=7638"}],"curies":[{"name":"wp","href":"https:\/\/api.w.org\/{rel}","templated":true}]}}