{"id":7633,"date":"2021-09-17T11:09:06","date_gmt":"2021-09-17T09:09:06","guid":{"rendered":"https:\/\/dom-polski.fr\/?post_type=product&#038;p=7633"},"modified":"2025-02-16T15:38:38","modified_gmt":"2025-02-16T14:38:38","slug":"epices-liquide-vegeta-nature-204-g","status":"publish","type":"product","link":"https:\/\/dom-polski.fr\/index.php\/product\/epices-liquide-vegeta-nature-204-g\/","title":{"rendered":"Epices liquide Vegeta nature 204 g"},"content":{"rendered":"<p>Ingr\u00e9dients : <span style=\"color: #64686c; font-size: small;\">Eau, sel de mer (20,9 %), sucre, vinaigre d&rsquo;alcool, ar\u00f4mes naturels, extrait de levure, extrait de liv\u00e8che.<\/span><span style=\"color: #64686c; font-size: small;\">\u00a0<\/span><span style=\"color: #64686c; text-transform: none; text-indent: 0px; letter-spacing: normal; font-family: 'Helvetica Neue', Helvetica, Arial, sans-serif; font-size: 13px; font-style: normal; font-weight: 400; word-spacing: 0px; vertical-align: inherit; white-space: normal; orphans: 2; widows: 2; background-color: #ffffff; font-variant-ligatures: normal; font-variant-caps: normal; -webkit-text-stroke-width: 0px; text-decoration-thickness: initial; text-decoration-style: initial; text-decoration-color: initial;\">peut contenir de la moutarde, du c\u00e9leri, du lactose et du gluten.<br \/>\nAllerg\u00e8nes (peut contenir) :\u00a0 C\u00e9r\u00e9ales, moutarde, lait et c\u00e9r\u00e9ales.<br \/>\n<\/span><\/p>\n","protected":false},"excerpt":{"rendered":"<p>Ingr\u00e9dients : Eau, sel de mer (20,9 %), sucre, vinaigre d&rsquo;alcool, ar\u00f4mes naturels, extrait de levure, extrait de liv\u00e8che.\u00a0peut contenir de la moutarde, du c\u00e9leri, du lactose et du gluten. <a class=\"more-link\" href=\"https:\/\/dom-polski.fr\/index.php\/product\/epices-liquide-vegeta-nature-204-g\/\">Afficher la suite \u2192<\/a><\/p>\n","protected":false},"featured_media":7634,"comment_status":"open","ping_status":"closed","template":"","meta":{"spay_email":"","jetpack_publicize_message":"","jetpack_is_tweetstorm":false},"aioseo_notices":[],"jetpack_publicize_connections":[],"jetpack_likes_enabled":false,"_links":{"self":[{"href":"https:\/\/dom-polski.fr\/index.php\/wp-json\/wp\/v2\/product\/7633"}],"collection":[{"href":"https:\/\/dom-polski.fr\/index.php\/wp-json\/wp\/v2\/product"}],"about":[{"href":"https:\/\/dom-polski.fr\/index.php\/wp-json\/wp\/v2\/types\/product"}],"replies":[{"embeddable":true,"href":"https:\/\/dom-polski.fr\/index.php\/wp-json\/wp\/v2\/comments?post=7633"}],"wp:featuredmedia":[{"embeddable":true,"href":"https:\/\/dom-polski.fr\/index.php\/wp-json\/wp\/v2\/media\/7634"}],"wp:attachment":[{"href":"https:\/\/dom-polski.fr\/index.php\/wp-json\/wp\/v2\/media?parent=7633"}],"curies":[{"name":"wp","href":"https:\/\/api.w.org\/{rel}","templated":true}]}}