{"id":7623,"date":"2021-09-17T10:41:05","date_gmt":"2021-09-17T08:41:05","guid":{"rendered":"https:\/\/dom-polski.fr\/?post_type=product&#038;p=7623"},"modified":"2024-01-11T15:52:50","modified_gmt":"2024-01-11T14:52:50","slug":"biscuit-caramelise-au-saveur-de-noix-de-coco-au-chocolat-au-lait-140-g","status":"publish","type":"product","link":"https:\/\/dom-polski.fr\/index.php\/product\/biscuit-caramelise-au-saveur-de-noix-de-coco-au-chocolat-au-lait-140-g\/","title":{"rendered":"Biscuit caram\u00e9lis\u00e9 au saveur de noix de coco au chocolat au lait 140 g"},"content":{"rendered":"<p>Ingr\u00e9dients : <span style=\"color: #64686c; text-transform: none; text-indent: 0px; letter-spacing: normal; font-family: 'Helvetica Neue', Helvetica, Arial, sans-serif; font-size: 13px; font-style: normal; font-weight: 400; word-spacing: 0px; float: none; display: inline !important; white-space: normal; orphans: 2; widows: 2; background-color: #ffffff; font-variant-ligatures: normal; font-variant-caps: normal; -webkit-text-stroke-width: 0px; text-decoration-thickness: initial; text-decoration-style: initial; text-decoration-color: initial;\">Chocolat au lait 35,5 % [sucre, beurre de cacao, lait entier en poudre, p\u00e2te de cacao, graisses v\u00e9g\u00e9tales (palme, karit\u00e9) en proportions variables, lactos\u00e9rum en poudre &#8211; issu du lait, \u00e9mulsifiants &#8211; l\u00e9cithine de soja, soit 476, ar\u00f4me] farine de bl\u00e9, sucre sucre inverti sirop sirop de glucose graisse de palme lait concentr\u00e9 flocons de noix de coco (3,6 %) noisettes (2,2 %) beurre (de lait) chips de riz 1,4 % (contient de la farine de bl\u00e9 et de l&rsquo;extrait de malt d&rsquo;orge) humectant (sirop de sorbitol) amidon extrait de malt (d&rsquo;orge) sel en poudre lactos\u00e9rum (de lait) \u00e9mulsifiants (l\u00e9cithine de soja, e 471) agents levants (e 503, e 500, e 450) ar\u00f4mes.<br \/>\nAllerg\u00e8nes ; Soja, lait et c\u00e9r\u00e9ales.<br \/>\nPeut contenir : Arachides, cacahu\u00e8tes et \u0153ufs.<\/span><\/p>\n","protected":false},"excerpt":{"rendered":"<p>Ingr\u00e9dients : Chocolat au lait 35,5 % [sucre, beurre de cacao, lait entier en poudre, p\u00e2te de cacao, graisses v\u00e9g\u00e9tales (palme, karit\u00e9) en proportions variables, lactos\u00e9rum en poudre &#8211; issu <a class=\"more-link\" href=\"https:\/\/dom-polski.fr\/index.php\/product\/biscuit-caramelise-au-saveur-de-noix-de-coco-au-chocolat-au-lait-140-g\/\">Afficher la suite \u2192<\/a><\/p>\n","protected":false},"featured_media":7624,"comment_status":"open","ping_status":"closed","template":"","meta":{"spay_email":"","jetpack_publicize_message":"","jetpack_is_tweetstorm":false},"aioseo_notices":[],"jetpack_publicize_connections":[],"jetpack_likes_enabled":false,"_links":{"self":[{"href":"https:\/\/dom-polski.fr\/index.php\/wp-json\/wp\/v2\/product\/7623"}],"collection":[{"href":"https:\/\/dom-polski.fr\/index.php\/wp-json\/wp\/v2\/product"}],"about":[{"href":"https:\/\/dom-polski.fr\/index.php\/wp-json\/wp\/v2\/types\/product"}],"replies":[{"embeddable":true,"href":"https:\/\/dom-polski.fr\/index.php\/wp-json\/wp\/v2\/comments?post=7623"}],"wp:featuredmedia":[{"embeddable":true,"href":"https:\/\/dom-polski.fr\/index.php\/wp-json\/wp\/v2\/media\/7624"}],"wp:attachment":[{"href":"https:\/\/dom-polski.fr\/index.php\/wp-json\/wp\/v2\/media?parent=7623"}],"curies":[{"name":"wp","href":"https:\/\/api.w.org\/{rel}","templated":true}]}}