{"id":7609,"date":"2021-09-16T11:37:34","date_gmt":"2021-09-16T09:37:34","guid":{"rendered":"https:\/\/dom-polski.fr\/?post_type=product&#038;p=7609"},"modified":"2023-10-16T16:42:59","modified_gmt":"2023-10-16T14:42:59","slug":"ragout-de-pates-53-g-knorr","status":"publish","type":"product","link":"https:\/\/dom-polski.fr\/index.php\/product\/ragout-de-pates-53-g-knorr\/","title":{"rendered":"Rago\u00fbt de p\u00e2tes 53 g Knorr"},"content":{"rendered":"<p>Ingr\u00e9dients : <span style=\"color: #64686c; font-size: small;\">Ingr\u00e9dients : p\u00e2tes (64,3 %) (farine de semoule de bl\u00e9, blanc d&rsquo;\u0153uf) ;<\/span><span style=\"color: #64686c; font-size: small;\">\u00a0<\/span><span style=\"color: #64686c; text-transform: none; text-indent: 0px; letter-spacing: normal; font-family: 'Helvetica Neue', Helvetica, Arial, sans-serif; font-size: 13px; font-style: normal; font-weight: 400; word-spacing: 0px; vertical-align: inherit; white-space: normal; orphans: 2; widows: 2; background-color: #ffffff; font-variant-ligatures: normal; font-variant-caps: normal; -webkit-text-stroke-width: 0px; text-decoration-thickness: initial; text-decoration-style: initial; text-decoration-color: initial;\">amidon, ar\u00f4mes (dont lait), oignon (4 %), pommes de terre, b\u0153uf (2,8 %), p\u00e2te de tomate (2,5 %), paprika moulu (1,3 %), ail, cumin, racine de persil, poivron rouge (1,3 %), graisse de palme, huile de tournesol, sel, extrait de levure, jus de betterave rouge, lactose, marjolaine (0,2 %), prot\u00e9ines de lait, blanc d&rsquo;\u0153uf, maltodest\u00e9rine, acidifiant : acide citrique.<span style=\"font-size: small;\">\u00a0<\/span><\/span><span style=\"color: #64686c; text-transform: none; text-indent: 0px; letter-spacing: normal; font-family: 'Helvetica Neue', Helvetica, Arial, sans-serif; font-size: 13px; font-style: normal; font-weight: 400; word-spacing: 0px; vertical-align: inherit; white-space: normal; orphans: 2; widows: 2; background-color: #ffffff; font-variant-ligatures: normal; font-variant-caps: normal; -webkit-text-stroke-width: 0px; text-decoration-thickness: initial; text-decoration-style: initial; text-decoration-color: initial;\">peut contenir des graines de soja, de c\u00e9leri et de moutarde.<br \/>\nAllerg\u00e8nes :Lait, \u0153ufs, c\u00e9r\u00e9ales et c\u00e9leri.<br \/>\n<\/span><\/p>\n","protected":false},"excerpt":{"rendered":"<p>Ingr\u00e9dients : Ingr\u00e9dients : p\u00e2tes (64,3 %) (farine de semoule de bl\u00e9, blanc d&rsquo;\u0153uf) ;\u00a0amidon, ar\u00f4mes (dont lait), oignon (4 %), pommes de terre, b\u0153uf (2,8 %), p\u00e2te de tomate <a class=\"more-link\" href=\"https:\/\/dom-polski.fr\/index.php\/product\/ragout-de-pates-53-g-knorr\/\">Afficher la suite \u2192<\/a><\/p>\n","protected":false},"featured_media":7610,"comment_status":"open","ping_status":"closed","template":"","meta":{"spay_email":"","jetpack_publicize_message":"","jetpack_is_tweetstorm":false},"aioseo_notices":[],"jetpack_publicize_connections":[],"jetpack_likes_enabled":false,"_links":{"self":[{"href":"https:\/\/dom-polski.fr\/index.php\/wp-json\/wp\/v2\/product\/7609"}],"collection":[{"href":"https:\/\/dom-polski.fr\/index.php\/wp-json\/wp\/v2\/product"}],"about":[{"href":"https:\/\/dom-polski.fr\/index.php\/wp-json\/wp\/v2\/types\/product"}],"replies":[{"embeddable":true,"href":"https:\/\/dom-polski.fr\/index.php\/wp-json\/wp\/v2\/comments?post=7609"}],"wp:featuredmedia":[{"embeddable":true,"href":"https:\/\/dom-polski.fr\/index.php\/wp-json\/wp\/v2\/media\/7610"}],"wp:attachment":[{"href":"https:\/\/dom-polski.fr\/index.php\/wp-json\/wp\/v2\/media?parent=7609"}],"curies":[{"name":"wp","href":"https:\/\/api.w.org\/{rel}","templated":true}]}}