{"id":7600,"date":"2021-09-16T11:02:03","date_gmt":"2021-09-16T09:02:03","guid":{"rendered":"https:\/\/dom-polski.fr\/?post_type=product&#038;p=7600"},"modified":"2024-08-12T22:39:36","modified_gmt":"2024-08-12T20:39:36","slug":"duo-gelee-saveur-framboise-mure-75-g-50-g-25-g-gellwe","status":"publish","type":"product","link":"https:\/\/dom-polski.fr\/index.php\/product\/duo-gelee-saveur-framboise-mure-75-g-50-g-25-g-gellwe\/","title":{"rendered":"Duo gel\u00e9e saveur framboise m\u00fbre 75 g (50 G + 25 g) Gellwe"},"content":{"rendered":"<p>Ingr\u00e9dients : <span style=\"color: #64686c; text-transform: none; text-indent: 0px; letter-spacing: normal; font-family: 'Helvetica Neue', Helvetica, Arial, sans-serif; font-size: 13px; font-style: normal; font-weight: 400; word-spacing: 0px; float: none; display: inline !important; white-space: normal; orphans: 2; widows: 2; background-color: #ffffff; font-variant-ligatures: normal; font-variant-caps: normal; -webkit-text-stroke-width: 0px; text-decoration-thickness: initial; text-decoration-style: initial; text-decoration-color: initial;\">Sucre, g\u00e9latine, correcteur d&rsquo;acidit\u00e9 : acide citrique, ar\u00f4mes, colorants : b\u00e9ta\u00efne, carmin d&rsquo;indigo.<br \/>\nAllerg\u00e8nes (peut contenir) : Lait, soja et c\u00e9r\u00e9ales.<br \/>\n<\/span><\/p>\n","protected":false},"excerpt":{"rendered":"<p>Ingr\u00e9dients : Sucre, g\u00e9latine, correcteur d&rsquo;acidit\u00e9 : acide citrique, ar\u00f4mes, colorants : b\u00e9ta\u00efne, carmin d&rsquo;indigo. Allerg\u00e8nes (peut contenir) : Lait, soja et c\u00e9r\u00e9ales.<\/p>\n","protected":false},"featured_media":7601,"comment_status":"open","ping_status":"closed","template":"","meta":{"spay_email":"","jetpack_publicize_message":"","jetpack_is_tweetstorm":false},"aioseo_notices":[],"jetpack_publicize_connections":[],"jetpack_likes_enabled":false,"_links":{"self":[{"href":"https:\/\/dom-polski.fr\/index.php\/wp-json\/wp\/v2\/product\/7600"}],"collection":[{"href":"https:\/\/dom-polski.fr\/index.php\/wp-json\/wp\/v2\/product"}],"about":[{"href":"https:\/\/dom-polski.fr\/index.php\/wp-json\/wp\/v2\/types\/product"}],"replies":[{"embeddable":true,"href":"https:\/\/dom-polski.fr\/index.php\/wp-json\/wp\/v2\/comments?post=7600"}],"wp:featuredmedia":[{"embeddable":true,"href":"https:\/\/dom-polski.fr\/index.php\/wp-json\/wp\/v2\/media\/7601"}],"wp:attachment":[{"href":"https:\/\/dom-polski.fr\/index.php\/wp-json\/wp\/v2\/media?parent=7600"}],"curies":[{"name":"wp","href":"https:\/\/api.w.org\/{rel}","templated":true}]}}