{"id":7584,"date":"2021-09-15T12:00:54","date_gmt":"2021-09-15T10:00:54","guid":{"rendered":"https:\/\/dom-polski.fr\/?post_type=product&#038;p=7584"},"modified":"2025-11-30T17:36:09","modified_gmt":"2025-11-30T16:36:09","slug":"gaufrette-saveur-framboise-37-g-princessa","status":"publish","type":"product","link":"https:\/\/dom-polski.fr\/index.php\/product\/gaufrette-saveur-framboise-37-g-princessa\/","title":{"rendered":"Gaufrette saveur framboise 37 g Princessa"},"content":{"rendered":"<p>Ingr\u00e9dients : <span style=\"color: #64686c;\"><span style=\"background-color: #c9d7f1;\"><span style=\"color: #64686c; text-transform: none; text-indent: 0px; letter-spacing: normal; font-family: 'Helvetica Neue', Helvetica, Arial, sans-serif; font-size: 13px; font-style: normal; font-weight: 400; word-spacing: 0px; float: none; display: inline !important; white-space: normal; orphans: 2; widows: 2; background-color: #c9d7f1; font-variant-ligatures: normal; font-variant-caps: normal; -webkit-text-stroke-width: 0px; text-decoration-thickness: initial; text-decoration-style: initial; text-decoration-color: initial;\">Huile de palme, sucre, farine de bl\u00e9, poudre de lait \u00e9cr\u00e9m\u00e9 (13,9 %), lactos\u00e9rum en poudre (issu du lait), maltodextrine, concentr\u00e9 de jus de betterave, poudres \u00e0 lever (carbonates d&rsquo;ammonium, carbonates de sodium), ar\u00f4me naturel, \u00e9mulsifiant (l\u00e9cithines), sel.<br \/>\nAllerg\u00e8nes : Bl\u00e9, c\u00e9r\u00e9ales et lait.<br \/>\n<\/span>Peut contenir : Soja, arachides et cacahu\u00e8tes.<\/span><\/span><\/p>\n","protected":false},"excerpt":{"rendered":"<p>Ingr\u00e9dients : Huile de palme, sucre, farine de bl\u00e9, poudre de lait \u00e9cr\u00e9m\u00e9 (13,9 %), lactos\u00e9rum en poudre (issu du lait), maltodextrine, concentr\u00e9 de jus de betterave, poudres \u00e0 lever <a class=\"more-link\" href=\"https:\/\/dom-polski.fr\/index.php\/product\/gaufrette-saveur-framboise-37-g-princessa\/\">Afficher la suite \u2192<\/a><\/p>\n","protected":false},"featured_media":7444,"comment_status":"open","ping_status":"closed","template":"","meta":{"spay_email":"","jetpack_publicize_message":"","jetpack_is_tweetstorm":false},"aioseo_notices":[],"jetpack_publicize_connections":[],"jetpack_likes_enabled":false,"_links":{"self":[{"href":"https:\/\/dom-polski.fr\/index.php\/wp-json\/wp\/v2\/product\/7584"}],"collection":[{"href":"https:\/\/dom-polski.fr\/index.php\/wp-json\/wp\/v2\/product"}],"about":[{"href":"https:\/\/dom-polski.fr\/index.php\/wp-json\/wp\/v2\/types\/product"}],"replies":[{"embeddable":true,"href":"https:\/\/dom-polski.fr\/index.php\/wp-json\/wp\/v2\/comments?post=7584"}],"wp:featuredmedia":[{"embeddable":true,"href":"https:\/\/dom-polski.fr\/index.php\/wp-json\/wp\/v2\/media\/7444"}],"wp:attachment":[{"href":"https:\/\/dom-polski.fr\/index.php\/wp-json\/wp\/v2\/media?parent=7584"}],"curies":[{"name":"wp","href":"https:\/\/api.w.org\/{rel}","templated":true}]}}