{"id":7575,"date":"2021-09-15T11:30:32","date_gmt":"2021-09-15T09:30:32","guid":{"rendered":"https:\/\/dom-polski.fr\/?post_type=product&#038;p=7575"},"modified":"2022-09-25T17:08:48","modified_gmt":"2022-09-25T15:08:48","slug":"bonbons-a-la-rose-sauvage-60-g","status":"publish","type":"product","link":"https:\/\/dom-polski.fr\/index.php\/product\/bonbons-a-la-rose-sauvage-60-g\/","title":{"rendered":"Bonbons \u00e0 la rose sauvage 60 g"},"content":{"rendered":"<p><span style=\"color: #64686c; text-transform: none; text-indent: 0px; letter-spacing: normal; font-family: 'Helvetica Neue', Helvetica, Arial, sans-serif; font-size: 13px; font-style: normal; font-weight: 400; word-spacing: 0px; float: none; display: inline !important; white-space: normal; orphans: 2; widows: 2; background-color: #ffffff; font-variant-ligatures: normal; font-variant-caps: normal; -webkit-text-stroke-width: 0px; text-decoration-thickness: initial; text-decoration-style: initial; text-decoration-color: initial;\">Ingr\u00e9dients : Sirop de glucose, sucre, sirop de glucose-fructose, acide (acide citrique, acide malique), concentr\u00e9 de poudre d&rsquo;\u00e9glantier 0,2 %, extrait d&rsquo;\u00e9glantier 0,2 %, extraits d&rsquo;herbes 0,1 % (extrait d&rsquo;ortie, extrait d&rsquo;hibiscus), vitamine c, colorants (cochenille, curcumine ), ar\u00f4mes, ar\u00f4me naturel, maltodextrine.<br \/>\nAllerg\u00e8nes : Aucune trace.<br \/>\n<\/span><\/p>\n","protected":false},"excerpt":{"rendered":"<p>Ingr\u00e9dients : Sirop de glucose, sucre, sirop de glucose-fructose, acide (acide citrique, acide malique), concentr\u00e9 de poudre d&rsquo;\u00e9glantier 0,2 %, extrait d&rsquo;\u00e9glantier 0,2 %, extraits d&rsquo;herbes 0,1 % (extrait d&rsquo;ortie, <a class=\"more-link\" href=\"https:\/\/dom-polski.fr\/index.php\/product\/bonbons-a-la-rose-sauvage-60-g\/\">Afficher la suite \u2192<\/a><\/p>\n","protected":false},"featured_media":7576,"comment_status":"open","ping_status":"closed","template":"","meta":{"spay_email":"","jetpack_publicize_message":"","jetpack_is_tweetstorm":false},"aioseo_notices":[],"jetpack_publicize_connections":[],"jetpack_likes_enabled":false,"_links":{"self":[{"href":"https:\/\/dom-polski.fr\/index.php\/wp-json\/wp\/v2\/product\/7575"}],"collection":[{"href":"https:\/\/dom-polski.fr\/index.php\/wp-json\/wp\/v2\/product"}],"about":[{"href":"https:\/\/dom-polski.fr\/index.php\/wp-json\/wp\/v2\/types\/product"}],"replies":[{"embeddable":true,"href":"https:\/\/dom-polski.fr\/index.php\/wp-json\/wp\/v2\/comments?post=7575"}],"wp:featuredmedia":[{"embeddable":true,"href":"https:\/\/dom-polski.fr\/index.php\/wp-json\/wp\/v2\/media\/7576"}],"wp:attachment":[{"href":"https:\/\/dom-polski.fr\/index.php\/wp-json\/wp\/v2\/media?parent=7575"}],"curies":[{"name":"wp","href":"https:\/\/api.w.org\/{rel}","templated":true}]}}