{"id":7518,"date":"2021-07-02T11:38:58","date_gmt":"2021-07-02T09:38:58","guid":{"rendered":"https:\/\/dom-polski.fr\/?post_type=product&#038;p=7518"},"modified":"2023-06-12T16:34:30","modified_gmt":"2023-06-12T14:34:30","slug":"craquelins-180-g-lajkonik","status":"publish","type":"product","link":"https:\/\/dom-polski.fr\/index.php\/product\/craquelins-180-g-lajkonik\/","title":{"rendered":"Craquelins 180 g Lajkonik"},"content":{"rendered":"<p><span style=\"color: #64686c; font-size: small;\">Ingr\u00e9dients : Farine de bl\u00e9, huile de colza, poudres \u00e0 lever : carbonates d&rsquo;ammonium, carbonates de sodium, extrait de malt d&rsquo;orge, sel, glucose, poudre d&rsquo;\u0153ufs, \u00e9mulsifiant : l\u00e9cithine.<\/span><span style=\"color: #64686c; font-size: small;\">\u00a0<\/span><span style=\"color: #64686c; text-transform: none; text-indent: 0px; letter-spacing: normal; font-family: 'Helvetica Neue', Helvetica, Arial, sans-serif; font-size: 13px; font-style: normal; font-weight: 400; word-spacing: 0px; vertical-align: inherit; white-space: normal; orphans: 2; widows: 2; background-color: #ffffff; font-variant-ligatures: normal; font-variant-caps: normal; -webkit-text-stroke-width: 0px; text-decoration-thickness: initial; text-decoration-style: initial; text-decoration-color: initial;\">peut contenir du s\u00e9same, du lait.<\/span><\/p>\n<p>Allerg\u00e8nes :<br \/>\nContient :\u00a0 C\u00e9r\u00e9ales contenant du gluten, bl\u00e9, \u0153ufs, lait (lactose), graines de s\u00e9same, orge.<\/p>\n","protected":false},"excerpt":{"rendered":"<p>Ingr\u00e9dients : Farine de bl\u00e9, huile de colza, poudres \u00e0 lever : carbonates d&rsquo;ammonium, carbonates de sodium, extrait de malt d&rsquo;orge, sel, glucose, poudre d&rsquo;\u0153ufs, \u00e9mulsifiant : l\u00e9cithine.\u00a0peut contenir du <a class=\"more-link\" href=\"https:\/\/dom-polski.fr\/index.php\/product\/craquelins-180-g-lajkonik\/\">Afficher la suite \u2192<\/a><\/p>\n","protected":false},"featured_media":7519,"comment_status":"open","ping_status":"closed","template":"","meta":{"spay_email":"","jetpack_publicize_message":"","jetpack_is_tweetstorm":false},"aioseo_notices":[],"jetpack_publicize_connections":[],"jetpack_likes_enabled":false,"_links":{"self":[{"href":"https:\/\/dom-polski.fr\/index.php\/wp-json\/wp\/v2\/product\/7518"}],"collection":[{"href":"https:\/\/dom-polski.fr\/index.php\/wp-json\/wp\/v2\/product"}],"about":[{"href":"https:\/\/dom-polski.fr\/index.php\/wp-json\/wp\/v2\/types\/product"}],"replies":[{"embeddable":true,"href":"https:\/\/dom-polski.fr\/index.php\/wp-json\/wp\/v2\/comments?post=7518"}],"wp:featuredmedia":[{"embeddable":true,"href":"https:\/\/dom-polski.fr\/index.php\/wp-json\/wp\/v2\/media\/7519"}],"wp:attachment":[{"href":"https:\/\/dom-polski.fr\/index.php\/wp-json\/wp\/v2\/media?parent=7518"}],"curies":[{"name":"wp","href":"https:\/\/api.w.org\/{rel}","templated":true}]}}