{"id":7506,"date":"2021-07-02T10:09:51","date_gmt":"2021-07-02T08:09:51","guid":{"rendered":"https:\/\/dom-polski.fr\/?post_type=product&#038;p=7506"},"modified":"2023-10-16T16:43:00","modified_gmt":"2023-10-16T14:43:00","slug":"creme-blanche-80-g-cremone","status":"publish","type":"product","link":"https:\/\/dom-polski.fr\/index.php\/product\/creme-blanche-80-g-cremone\/","title":{"rendered":"Cr\u00e8me blanche pour caf\u00e9 80 g"},"content":{"rendered":"<p>Ingr\u00e9dients : Sirop <span style=\"color: #64686c; text-transform: none; text-indent: 0px; letter-spacing: normal; font-family: 'Helvetica Neue', Helvetica, Arial, sans-serif; font-size: 13px; font-style: normal; font-weight: 400; word-spacing: 0px; float: none; display: inline !important; white-space: normal; orphans: 2; widows: 2; background-color: #c9d7f1; font-variant-ligatures: normal; font-variant-caps: normal; -webkit-text-stroke-width: 0px; text-decoration-thickness: initial; text-decoration-style: initial; text-decoration-color: initial;\">de glucose, graisse de coco totalement hydrog\u00e9n\u00e9e (32,5 %), prot\u00e9ines de lait, stabilisants : e 340 et e 452, \u00e9mulsifiants : e 471 et e 472e, anti-agglom\u00e9rant : e 341, colorant : carot\u00e8nes, le produit peut contenir des traces de soja et gluten.<\/span><\/p>\n","protected":false},"excerpt":{"rendered":"<p><span style=\"color: #64686c; font-size: small;\">Cremona compl\u00e9tera le plaisir de savourer le go\u00fbt de votre caf\u00e9 pr\u00e9f\u00e9r\u00e9.<\/span><span style=\"color: #64686c; font-size: small;\">\u00a0<\/span><span style=\"color: #64686c; text-transform: none; text-indent: 0px; letter-spacing: normal; font-family: 'Helvetica Neue', Helvetica, Arial, sans-serif; font-size: 12px; font-style: normal; font-weight: 400; word-spacing: 0px; vertical-align: inherit; white-space: normal; orphans: 2; widows: 2; background-color: #ffffff; font-variant-ligatures: normal; font-variant-caps: normal; -webkit-text-stroke-width: 0px; text-decoration-thickness: initial; text-decoration-style: initial; text-decoration-color: initial;\">Il adoucira parfaitement son go\u00fbt, lui conf\u00e9rant une finesse et un velout\u00e9 extraordinaires.<span style=\"font-size: small;\">\u00a0<\/span><\/span><span style=\"color: #64686c; text-transform: none; text-indent: 0px; letter-spacing: normal; font-family: 'Helvetica Neue', Helvetica, Arial, sans-serif; font-size: 12px; font-style: normal; font-weight: 400; word-spacing: 0px; vertical-align: inherit; white-space: normal; orphans: 2; widows: 2; background-color: #ffffff; font-variant-ligatures: normal; font-variant-caps: normal; -webkit-text-stroke-width: 0px; text-decoration-thickness: initial; text-decoration-style: initial; text-decoration-color: initial;\">Cremona est un moyen pratique et rapide de faire ressortir l&rsquo;ar\u00f4me et le go\u00fbt d\u00e9licats de votre caf\u00e9.<span style=\"font-size: small;\">\u00a0<\/span><\/span><span style=\"color: #64686c; text-transform: none; text-indent: 0px; letter-spacing: normal; font-family: 'Helvetica Neue', Helvetica, Arial, sans-serif; font-size: 12px; font-style: normal; font-weight: 400; word-spacing: 0px; vertical-align: inherit; white-space: normal; orphans: 2; widows: 2; background-color: #ffffff; font-variant-ligatures: normal; font-variant-caps: normal; -webkit-text-stroke-width: 0px; text-decoration-thickness: initial; text-decoration-style: initial; text-decoration-color: initial;\">Cr\u00e9mone n\u00b01 sur le march\u00e9* : excellente solubilit\u00e9, go\u00fbt cr\u00e9meux d\u00e9licat, d\u00e9licieux ar\u00f4me de caf\u00e9, un moyen simple et rapide de pr\u00e9parer un d\u00e9licieux caf\u00e9<span style=\"font-size: small;\">.<\/span><\/span> <a class=\"more-link\" href=\"https:\/\/dom-polski.fr\/index.php\/product\/creme-blanche-80-g-cremone\/\">Afficher la suite \u2192<\/a><\/p>\n","protected":false},"featured_media":7507,"comment_status":"open","ping_status":"closed","template":"","meta":{"spay_email":"","jetpack_publicize_message":"","jetpack_is_tweetstorm":false},"aioseo_notices":[],"jetpack_publicize_connections":[],"jetpack_likes_enabled":false,"_links":{"self":[{"href":"https:\/\/dom-polski.fr\/index.php\/wp-json\/wp\/v2\/product\/7506"}],"collection":[{"href":"https:\/\/dom-polski.fr\/index.php\/wp-json\/wp\/v2\/product"}],"about":[{"href":"https:\/\/dom-polski.fr\/index.php\/wp-json\/wp\/v2\/types\/product"}],"replies":[{"embeddable":true,"href":"https:\/\/dom-polski.fr\/index.php\/wp-json\/wp\/v2\/comments?post=7506"}],"wp:featuredmedia":[{"embeddable":true,"href":"https:\/\/dom-polski.fr\/index.php\/wp-json\/wp\/v2\/media\/7507"}],"wp:attachment":[{"href":"https:\/\/dom-polski.fr\/index.php\/wp-json\/wp\/v2\/media?parent=7506"}],"curies":[{"name":"wp","href":"https:\/\/api.w.org\/{rel}","templated":true}]}}