{"id":7500,"date":"2021-07-02T09:46:26","date_gmt":"2021-07-02T07:46:26","guid":{"rendered":"https:\/\/dom-polski.fr\/?post_type=product&#038;p=7500"},"modified":"2024-05-30T10:10:07","modified_gmt":"2024-05-30T08:10:07","slug":"batonnets-au-bacon-220-g-beskidzkie","status":"publish","type":"product","link":"https:\/\/dom-polski.fr\/index.php\/product\/batonnets-au-bacon-220-g-beskidzkie\/","title":{"rendered":"B\u00e2tonnets au bacon 220 g Beskidzkie"},"content":{"rendered":"<p>Ingr\u00e9dients : Farine de bl\u00e9,<span style=\"color: #64686c; font-size: small;\"> 6 % ar\u00f4me bacon Fum\u00e9 [exhausteur de go\u00fbt : glutamate monosodique ;<\/span><span style=\"color: #64686c; font-size: small;\">\u00a0<\/span><span style=\"color: #64686c; text-transform: none; text-indent: 0px; letter-spacing: normal; font-family: 'Helvetica Neue', Helvetica, Arial, sans-serif; font-size: 13px; font-style: normal; font-weight: 400; word-spacing: 0px; vertical-align: inherit; white-space: normal; orphans: 2; widows: 2; background-color: #ffffff; font-variant-ligatures: normal; font-variant-caps: normal; -webkit-text-stroke-width: 0px; text-decoration-thickness: initial; text-decoration-style: initial; text-decoration-color: initial;\">farine de bl\u00e9, sel, ar\u00f4mes (dont ar\u00f4me de fum\u00e9e), glucose, bacon s\u00e9ch\u00e9 (cuit)], huile de colza, sel, sucre, correcteur d&rsquo;acidit\u00e9 : hydroxyde de sodium ;<span style=\"font-size: small;\">\u00a0<\/span><\/span><span style=\"color: #64686c; text-transform: none; text-indent: 0px; letter-spacing: normal; font-family: 'Helvetica Neue', Helvetica, Arial, sans-serif; font-size: 13px; font-style: normal; font-weight: 400; word-spacing: 0px; vertical-align: inherit; white-space: normal; orphans: 2; widows: 2; background-color: #ffffff; font-variant-ligatures: normal; font-variant-caps: normal; -webkit-text-stroke-width: 0px; text-decoration-thickness: initial; text-decoration-style: initial; text-decoration-color: initial;\">poudres \u00e0 lever : carbonates de sodium, carbonates d&rsquo;ammonium.<\/span><\/p>\n","protected":false},"excerpt":{"rendered":"<p>Ingr\u00e9dients : Farine de bl\u00e9, 6 % ar\u00f4me bacon Fum\u00e9 [exhausteur de go\u00fbt : glutamate monosodique ;\u00a0farine de bl\u00e9, sel, ar\u00f4mes (dont ar\u00f4me de fum\u00e9e), glucose, bacon s\u00e9ch\u00e9 (cuit)], huile <a class=\"more-link\" href=\"https:\/\/dom-polski.fr\/index.php\/product\/batonnets-au-bacon-220-g-beskidzkie\/\">Afficher la suite \u2192<\/a><\/p>\n","protected":false},"featured_media":7501,"comment_status":"open","ping_status":"closed","template":"","meta":{"spay_email":"","jetpack_publicize_message":"","jetpack_is_tweetstorm":false},"aioseo_notices":[],"jetpack_publicize_connections":[],"jetpack_likes_enabled":false,"_links":{"self":[{"href":"https:\/\/dom-polski.fr\/index.php\/wp-json\/wp\/v2\/product\/7500"}],"collection":[{"href":"https:\/\/dom-polski.fr\/index.php\/wp-json\/wp\/v2\/product"}],"about":[{"href":"https:\/\/dom-polski.fr\/index.php\/wp-json\/wp\/v2\/types\/product"}],"replies":[{"embeddable":true,"href":"https:\/\/dom-polski.fr\/index.php\/wp-json\/wp\/v2\/comments?post=7500"}],"wp:featuredmedia":[{"embeddable":true,"href":"https:\/\/dom-polski.fr\/index.php\/wp-json\/wp\/v2\/media\/7501"}],"wp:attachment":[{"href":"https:\/\/dom-polski.fr\/index.php\/wp-json\/wp\/v2\/media?parent=7500"}],"curies":[{"name":"wp","href":"https:\/\/api.w.org\/{rel}","templated":true}]}}