{"id":7497,"date":"2021-07-02T09:34:53","date_gmt":"2021-07-02T07:34:53","guid":{"rendered":"https:\/\/dom-polski.fr\/?post_type=product&#038;p=7497"},"modified":"2023-12-15T11:01:07","modified_gmt":"2023-12-15T10:01:07","slug":"jarret-de-porc-280-g-spichlerz","status":"publish","type":"product","link":"https:\/\/dom-polski.fr\/index.php\/product\/jarret-de-porc-280-g-spichlerz\/","title":{"rendered":"Jarret de porc 280 g Spichlerz"},"content":{"rendered":"<p>Ingr\u00e9dients : Viande <span style=\"color: #64686c; font-size: small;\">de jarret de porc 79 %, peaux de jarret de porc 10 %, eau, sel, sucre, \u00e9pices (dont poivre noir, gruau 0,07 %), l\u00e9gumes secs en proportions variables (carottes, oignons, panais, ail, persil, poivrons, tomates), exhausteurs de go\u00fbt : glutamate monosodique, 5&prime;-ribonucl\u00e9otides disodiques, g\u00e9lifiant : algue eucheuma transform\u00e9e, stabilisants : triphosphates ;<\/span><span style=\"color: #64686c; font-size: small;\">\u00a0<\/span><span class=\"goog-text-highlight\" style=\"color: #64686c; text-transform: none; text-indent: 0px; letter-spacing: normal; font-family: 'Helvetica Neue', Helvetica, Arial, sans-serif; font-size: 13px; font-style: normal; font-weight: 400; word-spacing: 0px; vertical-align: inherit; white-space: normal; position: relative; box-sizing: border-box; orphans: 2; widows: 2; box-shadow: 2px 2px 4px #9999aa; background-color: #c9d7f1; font-variant-ligatures: normal; font-variant-caps: normal; -webkit-text-stroke-width: 0px; text-decoration-thickness: initial; text-decoration-style: initial; text-decoration-color: initial;\">hydrolysat de prot\u00e9ine de soja, extrait de levure, ar\u00f4me, correcteur d&rsquo;acidit\u00e9 : acide citrique, amidon, fibre de bl\u00e9 (sans gluten), prot\u00e9ines de lait dont (lactose).<br \/>\n<\/span>Allerg\u00e8nes :<br \/>\nPeut contenir : Seigle, bl\u00e9, c\u00e9leri, c\u00e9r\u00e9ales contenant du gluten, moutarde, graines de s\u00e9same.<br \/>\nContent : Soja et lait (lactose).<\/p>\n","protected":false},"excerpt":{"rendered":"<p>Ingr\u00e9dients : Viande de jarret de porc 79 %, peaux de jarret de porc 10 %, eau, sel, sucre, \u00e9pices (dont poivre noir, gruau 0,07 %), l\u00e9gumes secs en proportions <a class=\"more-link\" href=\"https:\/\/dom-polski.fr\/index.php\/product\/jarret-de-porc-280-g-spichlerz\/\">Afficher la suite \u2192<\/a><\/p>\n","protected":false},"featured_media":7498,"comment_status":"open","ping_status":"closed","template":"","meta":{"spay_email":"","jetpack_publicize_message":"","jetpack_is_tweetstorm":false},"aioseo_notices":[],"jetpack_publicize_connections":[],"jetpack_likes_enabled":false,"_links":{"self":[{"href":"https:\/\/dom-polski.fr\/index.php\/wp-json\/wp\/v2\/product\/7497"}],"collection":[{"href":"https:\/\/dom-polski.fr\/index.php\/wp-json\/wp\/v2\/product"}],"about":[{"href":"https:\/\/dom-polski.fr\/index.php\/wp-json\/wp\/v2\/types\/product"}],"replies":[{"embeddable":true,"href":"https:\/\/dom-polski.fr\/index.php\/wp-json\/wp\/v2\/comments?post=7497"}],"wp:featuredmedia":[{"embeddable":true,"href":"https:\/\/dom-polski.fr\/index.php\/wp-json\/wp\/v2\/media\/7498"}],"wp:attachment":[{"href":"https:\/\/dom-polski.fr\/index.php\/wp-json\/wp\/v2\/media?parent=7497"}],"curies":[{"name":"wp","href":"https:\/\/api.w.org\/{rel}","templated":true}]}}