{"id":7489,"date":"2021-07-01T12:01:46","date_gmt":"2021-07-01T10:01:46","guid":{"rendered":"https:\/\/dom-polski.fr\/?post_type=product&#038;p=7489"},"modified":"2024-09-10T20:41:03","modified_gmt":"2024-09-10T18:41:03","slug":"epices-pour-poulet-a-lancienne-25-g-prymat","status":"publish","type":"product","link":"https:\/\/dom-polski.fr\/index.php\/product\/epices-pour-poulet-a-lancienne-25-g-prymat\/","title":{"rendered":"Epices pour poulet \u00e0 l&rsquo;ancienne 25 g Prymat"},"content":{"rendered":"<p>Ingr\u00e9dients : <span style=\"color: #64686c; font-size: small;\">Sel, ail, oignon, marjolaine, cumin, thym, origan, gingembre, correcteur d&rsquo;acidit\u00e9 : acide citrique ;<\/span><span style=\"color: #64686c; font-size: small;\">\u00a0<\/span><span style=\"color: #64686c; text-transform: none; text-indent: 0px; letter-spacing: normal; font-family: 'Helvetica Neue', Helvetica, Arial, sans-serif; font-size: 13px; font-style: normal; font-weight: 400; word-spacing: 0px; vertical-align: inherit; white-space: normal; orphans: 2; widows: 2; background-color: #ffffff; font-variant-ligatures: normal; font-variant-caps: normal; -webkit-text-stroke-width: 0px; text-decoration-thickness: initial; text-decoration-style: initial; text-decoration-color: initial;\">l&rsquo;huile de colza.<span style=\"font-size: small;\">\u00a0<\/span><\/span><span class=\"goog-text-highlight\" style=\"color: #64686c; text-transform: none; text-indent: 0px; letter-spacing: normal; font-family: 'Helvetica Neue', Helvetica, Arial, sans-serif; font-size: 13px; font-style: normal; font-weight: 400; word-spacing: 0px; vertical-align: inherit; white-space: normal; position: relative; box-sizing: border-box; orphans: 2; widows: 2; box-shadow: 2px 2px 4px #9999aa; background-color: #c9d7f1; font-variant-ligatures: normal; font-variant-caps: normal; -webkit-text-stroke-width: 0px; text-decoration-thickness: initial; text-decoration-style: initial; text-decoration-color: initial;\">le produit peut contenir : des c\u00e9r\u00e9ales contenant du gluten, des \u0153ufs, du lait (y compris du lactose), du soja, de la moutarde, du c\u00e9leri, des arachides et du s\u00e9same.<\/span><\/p>\n","protected":false},"excerpt":{"rendered":"<p>Ingr\u00e9dients : Sel, ail, oignon, marjolaine, cumin, thym, origan, gingembre, correcteur d&rsquo;acidit\u00e9 : acide citrique ;\u00a0l&rsquo;huile de colza.\u00a0le produit peut contenir : des c\u00e9r\u00e9ales contenant du gluten, des \u0153ufs, du <a class=\"more-link\" href=\"https:\/\/dom-polski.fr\/index.php\/product\/epices-pour-poulet-a-lancienne-25-g-prymat\/\">Afficher la suite \u2192<\/a><\/p>\n","protected":false},"featured_media":7490,"comment_status":"open","ping_status":"closed","template":"","meta":{"spay_email":"","jetpack_publicize_message":"","jetpack_is_tweetstorm":false},"aioseo_notices":[],"jetpack_publicize_connections":[],"jetpack_likes_enabled":false,"_links":{"self":[{"href":"https:\/\/dom-polski.fr\/index.php\/wp-json\/wp\/v2\/product\/7489"}],"collection":[{"href":"https:\/\/dom-polski.fr\/index.php\/wp-json\/wp\/v2\/product"}],"about":[{"href":"https:\/\/dom-polski.fr\/index.php\/wp-json\/wp\/v2\/types\/product"}],"replies":[{"embeddable":true,"href":"https:\/\/dom-polski.fr\/index.php\/wp-json\/wp\/v2\/comments?post=7489"}],"wp:featuredmedia":[{"embeddable":true,"href":"https:\/\/dom-polski.fr\/index.php\/wp-json\/wp\/v2\/media\/7490"}],"wp:attachment":[{"href":"https:\/\/dom-polski.fr\/index.php\/wp-json\/wp\/v2\/media?parent=7489"}],"curies":[{"name":"wp","href":"https:\/\/api.w.org\/{rel}","templated":true}]}}