{"id":7481,"date":"2021-07-01T11:48:10","date_gmt":"2021-07-01T09:48:10","guid":{"rendered":"https:\/\/dom-polski.fr\/?post_type=product&#038;p=7481"},"modified":"2025-12-18T22:56:24","modified_gmt":"2025-12-18T21:56:24","slug":"preparation-pain-depices-20-g-prymat","status":"publish","type":"product","link":"https:\/\/dom-polski.fr\/index.php\/product\/preparation-pain-depices-20-g-prymat\/","title":{"rendered":"Pr\u00e9paration pain d&rsquo;\u00e9pices 20 g Prymat"},"content":{"rendered":"<p>Ingr\u00e9dients : S<span style=\"color: #64686c; font-size: small;\">ucre, cannelle (15 %), clous de girofle, cacao, fruit de coriandre, piment de la Jama\u00efque, muscade.<\/span><span style=\"color: #64686c; font-size: small;\">\u00a0<\/span><span class=\"goog-text-highlight\" style=\"color: #64686c; text-transform: none; text-indent: 0px; letter-spacing: normal; font-family: 'Helvetica Neue', Helvetica, Arial, sans-serif; font-size: 13px; font-style: normal; font-weight: 400; word-spacing: 0px; vertical-align: inherit; white-space: normal; position: relative; box-sizing: border-box; orphans: 2; widows: 2; box-shadow: 2px 2px 4px #9999aa; background-color: #c9d7f1; font-variant-ligatures: normal; font-variant-caps: normal; -webkit-text-stroke-width: 0px; text-decoration-thickness: initial; text-decoration-style: initial; text-decoration-color: initial;\">le produit peut contenir : c\u00e9r\u00e9ales contenant du gluten, \u0153ufs, lait (dont lactose), soja, moutarde, c\u00e9leri, arachides et s\u00e9same.<\/span><\/p>\n","protected":false},"excerpt":{"rendered":"<p>Ingr\u00e9dients : Sucre, cannelle (15 %), clous de girofle, cacao, fruit de coriandre, piment de la Jama\u00efque, muscade.\u00a0le produit peut contenir : c\u00e9r\u00e9ales contenant du gluten, \u0153ufs, lait (dont lactose), <a class=\"more-link\" href=\"https:\/\/dom-polski.fr\/index.php\/product\/preparation-pain-depices-20-g-prymat\/\">Afficher la suite \u2192<\/a><\/p>\n","protected":false},"featured_media":7482,"comment_status":"open","ping_status":"closed","template":"","meta":{"spay_email":"","jetpack_publicize_message":"","jetpack_is_tweetstorm":false},"aioseo_notices":[],"jetpack_publicize_connections":[],"jetpack_likes_enabled":false,"_links":{"self":[{"href":"https:\/\/dom-polski.fr\/index.php\/wp-json\/wp\/v2\/product\/7481"}],"collection":[{"href":"https:\/\/dom-polski.fr\/index.php\/wp-json\/wp\/v2\/product"}],"about":[{"href":"https:\/\/dom-polski.fr\/index.php\/wp-json\/wp\/v2\/types\/product"}],"replies":[{"embeddable":true,"href":"https:\/\/dom-polski.fr\/index.php\/wp-json\/wp\/v2\/comments?post=7481"}],"wp:featuredmedia":[{"embeddable":true,"href":"https:\/\/dom-polski.fr\/index.php\/wp-json\/wp\/v2\/media\/7482"}],"wp:attachment":[{"href":"https:\/\/dom-polski.fr\/index.php\/wp-json\/wp\/v2\/media?parent=7481"}],"curies":[{"name":"wp","href":"https:\/\/api.w.org\/{rel}","templated":true}]}}