{"id":7479,"date":"2021-07-01T11:44:11","date_gmt":"2021-07-01T09:44:11","guid":{"rendered":"https:\/\/dom-polski.fr\/?post_type=product&#038;p=7479"},"modified":"2024-09-10T20:41:03","modified_gmt":"2024-09-10T18:41:03","slug":"sauce-a-lail-240-ml-roleski","status":"publish","type":"product","link":"https:\/\/dom-polski.fr\/index.php\/product\/sauce-a-lail-240-ml-roleski\/","title":{"rendered":"Sauce \u00e0 l&rsquo;ail 240 ml Roleski"},"content":{"rendered":"<p>Ingr\u00e9dients : Hu<span style=\"color: #64686c; font-size: small;\">ile de colza (58 %), eau, jaune d&rsquo;\u0153uf (5,3 %), vinaigre d&rsquo;alcool, sucre, amidon modifi\u00e9, sel, moutarde (eau, vinaigre d&rsquo;alcool, moutarde, sucre, sel);<\/span><span style=\"color: #64686c; font-size: small;\">\u00a0<\/span><span class=\"goog-text-highlight\" style=\"color: #64686c; text-transform: none; text-indent: 0px; letter-spacing: normal; font-family: 'Helvetica Neue', Helvetica, Arial, sans-serif; font-size: 13px; font-style: normal; font-weight: 400; word-spacing: 0px; vertical-align: inherit; white-space: normal; position: relative; box-sizing: border-box; orphans: 2; widows: 2; box-shadow: 2px 2px 4px #9999aa; background-color: #c9d7f1; font-variant-ligatures: normal; font-variant-caps: normal; -webkit-text-stroke-width: 0px; text-decoration-thickness: initial; text-decoration-style: initial; text-decoration-color: initial;\">ail (0,5 %), ar\u00f4me naturel d&rsquo;ail, stabilisants : gomme de guar, gomme de xanthane ;<span style=\"font-size: small;\">\u00a0<\/span><\/span><span style=\"color: #64686c; text-transform: none; text-indent: 0px; letter-spacing: normal; font-family: 'Helvetica Neue', Helvetica, Arial, sans-serif; font-size: 13px; font-style: normal; font-weight: 400; word-spacing: 0px; vertical-align: inherit; white-space: normal; orphans: 2; widows: 2; background-color: #ffffff; font-variant-ligatures: normal; font-variant-caps: normal; -webkit-text-stroke-width: 0px; text-decoration-thickness: initial; text-decoration-style: initial; text-decoration-color: initial;\">conservateur : sorbate de potassium ;<span style=\"font-size: small;\">\u00a0<\/span><\/span><span style=\"color: #64686c; text-transform: none; text-indent: 0px; letter-spacing: normal; font-family: 'Helvetica Neue', Helvetica, Arial, sans-serif; font-size: 13px; font-style: normal; font-weight: 400; word-spacing: 0px; vertical-align: inherit; white-space: normal; orphans: 2; widows: 2; background-color: #ffffff; font-variant-ligatures: normal; font-variant-caps: normal; -webkit-text-stroke-width: 0px; text-decoration-thickness: initial; text-decoration-style: initial; text-decoration-color: initial;\">antioxydant : e385 ;<span style=\"font-size: small;\">\u00a0<\/span><\/span><span style=\"color: #64686c; text-transform: none; text-indent: 0px; letter-spacing: normal; font-family: 'Helvetica Neue', Helvetica, Arial, sans-serif; font-size: 13px; font-style: normal; font-weight: 400; word-spacing: 0px; vertical-align: inherit; white-space: normal; orphans: 2; widows: 2; background-color: #ffffff; font-variant-ligatures: normal; font-variant-caps: normal; -webkit-text-stroke-width: 0px; text-decoration-thickness: initial; text-decoration-style: initial; text-decoration-color: initial;\">colorant : carot\u00e8nes.<\/span><\/p>\n","protected":false},"excerpt":{"rendered":"<p>Ingr\u00e9dients : Huile de colza (58 %), eau, jaune d&rsquo;\u0153uf (5,3 %), vinaigre d&rsquo;alcool, sucre, amidon modifi\u00e9, sel, moutarde (eau, vinaigre d&rsquo;alcool, moutarde, sucre, sel);\u00a0ail (0,5 %), ar\u00f4me naturel d&rsquo;ail, <a class=\"more-link\" href=\"https:\/\/dom-polski.fr\/index.php\/product\/sauce-a-lail-240-ml-roleski\/\">Afficher la suite \u2192<\/a><\/p>\n","protected":false},"featured_media":7480,"comment_status":"open","ping_status":"closed","template":"","meta":{"spay_email":"","jetpack_publicize_message":"","jetpack_is_tweetstorm":false},"aioseo_notices":[],"jetpack_publicize_connections":[],"jetpack_likes_enabled":false,"_links":{"self":[{"href":"https:\/\/dom-polski.fr\/index.php\/wp-json\/wp\/v2\/product\/7479"}],"collection":[{"href":"https:\/\/dom-polski.fr\/index.php\/wp-json\/wp\/v2\/product"}],"about":[{"href":"https:\/\/dom-polski.fr\/index.php\/wp-json\/wp\/v2\/types\/product"}],"replies":[{"embeddable":true,"href":"https:\/\/dom-polski.fr\/index.php\/wp-json\/wp\/v2\/comments?post=7479"}],"wp:featuredmedia":[{"embeddable":true,"href":"https:\/\/dom-polski.fr\/index.php\/wp-json\/wp\/v2\/media\/7480"}],"wp:attachment":[{"href":"https:\/\/dom-polski.fr\/index.php\/wp-json\/wp\/v2\/media?parent=7479"}],"curies":[{"name":"wp","href":"https:\/\/api.w.org\/{rel}","templated":true}]}}