{"id":7467,"date":"2021-07-01T11:14:54","date_gmt":"2021-07-01T09:14:54","guid":{"rendered":"https:\/\/dom-polski.fr\/?post_type=product&#038;p=7467"},"modified":"2024-02-21T16:28:03","modified_gmt":"2024-02-21T15:28:03","slug":"gelee-gout-raison-71-g-winiary","status":"publish","type":"product","link":"https:\/\/dom-polski.fr\/index.php\/product\/gelee-gout-raison-71-g-winiary\/","title":{"rendered":"Gel\u00e9e go\u00fbt raisin 71 g Winiary"},"content":{"rendered":"<p>Ingr\u00e9dients : <span style=\"color: #64686c; text-transform: none; text-indent: 0px; letter-spacing: normal; font-family: 'Helvetica Neue', Helvetica, Arial, sans-serif; font-size: 13px; font-style: normal; font-weight: 400; word-spacing: 0px; float: none; display: inline !important; white-space: normal; orphans: 2; widows: 2; background-color: #ffffff; font-variant-ligatures: normal; font-variant-caps: normal; -webkit-text-stroke-width: 0px; text-decoration-thickness: initial; text-decoration-style: initial; text-decoration-color: initial;\">Sucre, g\u00e9latine de porc, correcteur d&rsquo;acidit\u00e9 (acide citrique), ar\u00f4me.<\/span><\/p>\n","protected":false},"excerpt":{"rendered":"<p>Ingr\u00e9dients : Sucre, g\u00e9latine de porc, correcteur d&rsquo;acidit\u00e9 (acide citrique), ar\u00f4me.<\/p>\n","protected":false},"featured_media":7468,"comment_status":"open","ping_status":"closed","template":"","meta":{"spay_email":"","jetpack_publicize_message":"","jetpack_is_tweetstorm":false},"aioseo_notices":[],"jetpack_publicize_connections":[],"jetpack_likes_enabled":false,"_links":{"self":[{"href":"https:\/\/dom-polski.fr\/index.php\/wp-json\/wp\/v2\/product\/7467"}],"collection":[{"href":"https:\/\/dom-polski.fr\/index.php\/wp-json\/wp\/v2\/product"}],"about":[{"href":"https:\/\/dom-polski.fr\/index.php\/wp-json\/wp\/v2\/types\/product"}],"replies":[{"embeddable":true,"href":"https:\/\/dom-polski.fr\/index.php\/wp-json\/wp\/v2\/comments?post=7467"}],"wp:featuredmedia":[{"embeddable":true,"href":"https:\/\/dom-polski.fr\/index.php\/wp-json\/wp\/v2\/media\/7468"}],"wp:attachment":[{"href":"https:\/\/dom-polski.fr\/index.php\/wp-json\/wp\/v2\/media?parent=7467"}],"curies":[{"name":"wp","href":"https:\/\/api.w.org\/{rel}","templated":true}]}}