{"id":7465,"date":"2021-07-01T11:09:50","date_gmt":"2021-07-01T09:09:50","guid":{"rendered":"https:\/\/dom-polski.fr\/?post_type=product&#038;p=7465"},"modified":"2024-09-10T20:41:03","modified_gmt":"2024-09-10T18:41:03","slug":"sauce-aux-champignons-44-g-winiary","status":"publish","type":"product","link":"https:\/\/dom-polski.fr\/index.php\/product\/sauce-aux-champignons-44-g-winiary\/","title":{"rendered":"Sauce aux champignons 44 g Winiary"},"content":{"rendered":"<p>Ingr\u00e9dients : <span style=\"color: #64686c; text-transform: none; text-indent: 0px; letter-spacing: normal; font-family: 'Helvetica Neue', Helvetica, Arial, sans-serif; font-size: 13px; font-style: normal; font-weight: 400; word-spacing: 0px; float: none; display: inline !important; white-space: normal; orphans: 2; widows: 2; background-color: #c9d7f1; font-variant-ligatures: normal; font-variant-caps: normal; -webkit-text-stroke-width: 0px; text-decoration-thickness: initial; text-decoration-style: initial; text-decoration-color: initial;\">Farine de bl\u00e9, amidon de ma\u00efs, lait \u00e9cr\u00e9m\u00e9 en poudre, sel, champignons s\u00e9ch\u00e9s 7,0 % (c\u00e8pes 4,1 %, champignons 1,6 %, babeurre 1,1 %, c\u00e8pes 0,2 %), f\u00e9cule de pomme de terre, cr\u00e8me en poudre (de lait) 5,4 %, ar\u00f4mes (avec bl\u00e9, soja), sucre, huile de tournesol, extrait de levure, ail s\u00e9ch\u00e9 2,0 %, colorant (caramel), \u00e9pices, feuille de persil.<\/span><\/p>\n","protected":false},"excerpt":{"rendered":"<p>Ingr\u00e9dients : Farine de bl\u00e9, amidon de ma\u00efs, lait \u00e9cr\u00e9m\u00e9 en poudre, sel, champignons s\u00e9ch\u00e9s 7,0 % (c\u00e8pes 4,1 %, champignons 1,6 %, babeurre 1,1 %, c\u00e8pes 0,2 %), f\u00e9cule <a class=\"more-link\" href=\"https:\/\/dom-polski.fr\/index.php\/product\/sauce-aux-champignons-44-g-winiary\/\">Afficher la suite \u2192<\/a><\/p>\n","protected":false},"featured_media":7466,"comment_status":"open","ping_status":"closed","template":"","meta":{"spay_email":"","jetpack_publicize_message":"","jetpack_is_tweetstorm":false},"aioseo_notices":[],"jetpack_publicize_connections":[],"jetpack_likes_enabled":false,"_links":{"self":[{"href":"https:\/\/dom-polski.fr\/index.php\/wp-json\/wp\/v2\/product\/7465"}],"collection":[{"href":"https:\/\/dom-polski.fr\/index.php\/wp-json\/wp\/v2\/product"}],"about":[{"href":"https:\/\/dom-polski.fr\/index.php\/wp-json\/wp\/v2\/types\/product"}],"replies":[{"embeddable":true,"href":"https:\/\/dom-polski.fr\/index.php\/wp-json\/wp\/v2\/comments?post=7465"}],"wp:featuredmedia":[{"embeddable":true,"href":"https:\/\/dom-polski.fr\/index.php\/wp-json\/wp\/v2\/media\/7466"}],"wp:attachment":[{"href":"https:\/\/dom-polski.fr\/index.php\/wp-json\/wp\/v2\/media?parent=7465"}],"curies":[{"name":"wp","href":"https:\/\/api.w.org\/{rel}","templated":true}]}}