{"id":7459,"date":"2021-06-30T16:41:24","date_gmt":"2021-06-30T14:41:24","guid":{"rendered":"https:\/\/dom-polski.fr\/?post_type=product&#038;p=7459"},"modified":"2025-01-19T13:02:38","modified_gmt":"2025-01-19T12:02:38","slug":"soupe-a-lail-avec-marjolaine-et-ciboulette-61-g-amino","status":"publish","type":"product","link":"https:\/\/dom-polski.fr\/index.php\/product\/soupe-a-lail-avec-marjolaine-et-ciboulette-61-g-amino\/","title":{"rendered":"Soupe \u00e0 l&rsquo;ail avec marjolaine et ciboulette 61 g Amino"},"content":{"rendered":"<p>Ingr\u00e9dients : <span style=\"color: #64686c; font-size: small;\">Nouilles (85,1 %) : Farine de bl\u00e9, graisse de palme, amidon modifi\u00e9, sel, sucre, huile de colza, ar\u00f4me naturel de curcuma.<\/span><span style=\"color: #64686c; font-size: small;\">\u00a0<\/span><span style=\"color: #64686c; text-transform: none; text-indent: 0px; letter-spacing: normal; font-family: 'Helvetica Neue', Helvetica, Arial, sans-serif; font-size: 13px; font-style: normal; font-weight: 400; word-spacing: 0px; vertical-align: inherit; white-space: normal; orphans: 2; widows: 2; background-color: #ffffff; font-variant-ligatures: normal; font-variant-caps: normal; -webkit-text-stroke-width: 0px; text-decoration-thickness: initial; text-decoration-style: initial; text-decoration-color: initial;\">peut contenir des \u0153ufs, du soja, du lait, du c\u00e9leri et des graines de moutarde.<span style=\"font-size: small;\">\u00a0<\/span><\/span><span style=\"color: #64686c; text-transform: none; text-indent: 0px; letter-spacing: normal; font-family: 'Helvetica Neue', Helvetica, Arial, sans-serif; font-size: 13px; font-style: normal; font-weight: 400; word-spacing: 0px; vertical-align: inherit; white-space: normal; orphans: 2; widows: 2; background-color: #ffffff; font-variant-ligatures: normal; font-variant-caps: normal; -webkit-text-stroke-width: 0px; text-decoration-thickness: initial; text-decoration-style: initial; text-decoration-color: initial;\">m\u00e9lange d&rsquo;ar\u00f4mes (14,9 %) : amidon, sel iod\u00e9, ail (15,0 %), huiles v\u00e9g\u00e9tales (tournesol, ma\u00efs), ar\u00f4mes (ar\u00f4mes, exhausteurs de go\u00fbt : glutamate monosodique, inosinate disodique, guanylate disodique), sucre, lactose, marjolaine (1,6 %), prot\u00e9ines v\u00e9g\u00e9tales hydrolys\u00e9es, exhausteurs de go\u00fbt : glutamate monosodique, inosinate disodique, guanylate disodique ;<span style=\"font-size: small;\">\u00a0<\/span><\/span><span style=\"color: #64686c; text-transform: none; text-indent: 0px; letter-spacing: normal; font-family: 'Helvetica Neue', Helvetica, Arial, sans-serif; font-size: 13px; font-style: normal; font-weight: 400; word-spacing: 0px; vertical-align: inherit; white-space: normal; orphans: 2; widows: 2; background-color: #ffffff; font-variant-ligatures: normal; font-variant-caps: normal; -webkit-text-stroke-width: 0px; text-decoration-thickness: initial; text-decoration-style: initial; text-decoration-color: initial;\">ciboulette (0,8 %), poivre noir (0,8 %), prot\u00e9ines de lait, sirop de caramel, graines de c\u00e9leri, maltodextrine, piment de la Jama\u00efque, feuille de laurier.<span style=\"font-size: small;\">\u00a0<\/span><\/span><span style=\"color: #64686c; text-transform: none; text-indent: 0px; letter-spacing: normal; font-family: 'Helvetica Neue', Helvetica, Arial, sans-serif; font-size: 13px; font-style: normal; font-weight: 400; word-spacing: 0px; vertical-align: inherit; white-space: normal; orphans: 2; widows: 2; background-color: #ffffff; font-variant-ligatures: normal; font-variant-caps: normal; -webkit-text-stroke-width: 0px; text-decoration-thickness: initial; text-decoration-style: initial; text-decoration-color: initial;\">peut contenir du gluten (c\u00e9r\u00e9ales), des \u0153ufs, du soja et des graines de moutarde.<span style=\"font-size: small;\">\u00a0<\/span><\/span><span style=\"color: #64686c; text-transform: none; text-indent: 0px; letter-spacing: normal; font-family: 'Helvetica Neue', Helvetica, Arial, sans-serif; font-size: 13px; font-style: normal; font-weight: 400; word-spacing: 0px; vertical-align: inherit; white-space: normal; orphans: 2; widows: 2; background-color: #ffffff; font-variant-ligatures: normal; font-variant-caps: normal; -webkit-text-stroke-width: 0px; text-decoration-thickness: initial; text-decoration-style: initial; text-decoration-color: initial;\">cultiv\u00e9 de mani\u00e8re durable.<span style=\"font-size: small;\">\u00a0<\/span><\/span><\/p>\n","protected":false},"excerpt":{"rendered":"<p>Ingr\u00e9dients : Nouilles (85,1 %) : Farine de bl\u00e9, graisse de palme, amidon modifi\u00e9, sel, sucre, huile de colza, ar\u00f4me naturel de curcuma.\u00a0peut contenir des \u0153ufs, du soja, du lait, <a class=\"more-link\" href=\"https:\/\/dom-polski.fr\/index.php\/product\/soupe-a-lail-avec-marjolaine-et-ciboulette-61-g-amino\/\">Afficher la suite \u2192<\/a><\/p>\n","protected":false},"featured_media":7460,"comment_status":"open","ping_status":"closed","template":"","meta":{"spay_email":"","jetpack_publicize_message":"","jetpack_is_tweetstorm":false},"aioseo_notices":[],"jetpack_publicize_connections":[],"jetpack_likes_enabled":false,"_links":{"self":[{"href":"https:\/\/dom-polski.fr\/index.php\/wp-json\/wp\/v2\/product\/7459"}],"collection":[{"href":"https:\/\/dom-polski.fr\/index.php\/wp-json\/wp\/v2\/product"}],"about":[{"href":"https:\/\/dom-polski.fr\/index.php\/wp-json\/wp\/v2\/types\/product"}],"replies":[{"embeddable":true,"href":"https:\/\/dom-polski.fr\/index.php\/wp-json\/wp\/v2\/comments?post=7459"}],"wp:featuredmedia":[{"embeddable":true,"href":"https:\/\/dom-polski.fr\/index.php\/wp-json\/wp\/v2\/media\/7460"}],"wp:attachment":[{"href":"https:\/\/dom-polski.fr\/index.php\/wp-json\/wp\/v2\/media?parent=7459"}],"curies":[{"name":"wp","href":"https:\/\/api.w.org\/{rel}","templated":true}]}}