{"id":7453,"date":"2021-06-30T16:31:37","date_gmt":"2021-06-30T14:31:37","guid":{"rendered":"https:\/\/dom-polski.fr\/?post_type=product&#038;p=7453"},"modified":"2026-03-10T09:30:21","modified_gmt":"2026-03-10T08:30:21","slug":"soupe-barszcz-rouge-66-g-amino","status":"publish","type":"product","link":"https:\/\/dom-polski.fr\/index.php\/product\/soupe-barszcz-rouge-66-g-amino\/","title":{"rendered":"Soupe barszcz rouge 66 g Amino"},"content":{"rendered":"<p><span style=\"color: #64686c; font-size: small;\">Ingr\u00e9dients : Nouilles (79 %) : Farine de bl\u00e9, graisse de palme, sel, amidon modifi\u00e9, sucre, huile de colza, extrait de curcuma.<\/span><span style=\"color: #64686c; font-size: small;\">\u00a0<\/span><span style=\"color: #64686c; text-transform: none; text-indent: 0px; letter-spacing: normal; font-family: 'Helvetica Neue', Helvetica, Arial, sans-serif; font-size: 13px; font-style: normal; font-weight: 400; word-spacing: 0px; vertical-align: inherit; white-space: normal; orphans: 2; widows: 2; background-color: #ffffff; font-variant-ligatures: normal; font-variant-caps: normal; -webkit-text-stroke-width: 0px; text-decoration-thickness: initial; text-decoration-style: initial; text-decoration-color: initial;\">peut contenir du lait, des \u0153ufs, du soja, du c\u00e9leri et des graines de moutarde.<span style=\"font-size: small;\">\u00a0<\/span><\/span><span style=\"color: #64686c; text-transform: none; text-indent: 0px; letter-spacing: normal; font-family: 'Helvetica Neue', Helvetica, Arial, sans-serif; font-size: 13px; font-style: normal; font-weight: 400; word-spacing: 0px; vertical-align: inherit; white-space: normal; orphans: 2; widows: 2; background-color: #ffffff; font-variant-ligatures: normal; font-variant-caps: normal; -webkit-text-stroke-width: 0px; text-decoration-thickness: initial; text-decoration-style: initial; text-decoration-color: initial;\">m\u00e9lange d&rsquo;ar\u00f4mes (21 %) : sucre, maltodextrine, sel, jus de betterave rouge s\u00e9ch\u00e9 (14 %), exhausteurs de go\u00fbt : glutamate monosodique, inosinate disodique et guanylate disodique ;<span style=\"font-size: small;\">\u00a0<\/span><\/span><span style=\"color: #64686c; text-transform: none; text-indent: 0px; letter-spacing: normal; font-family: 'Helvetica Neue', Helvetica, Arial, sans-serif; font-size: 13px; font-style: normal; font-weight: 400; word-spacing: 0px; vertical-align: inherit; white-space: normal; orphans: 2; widows: 2; background-color: #ffffff; font-variant-ligatures: normal; font-variant-caps: normal; -webkit-text-stroke-width: 0px; text-decoration-thickness: initial; text-decoration-style: initial; text-decoration-color: initial;\">sel min\u00e9ral de potassium, acide : acide citrique ;<span style=\"font-size: small;\">\u00a0<\/span><\/span><span class=\"goog-text-highlight\" style=\"color: #64686c; text-transform: none; text-indent: 0px; letter-spacing: normal; font-family: 'Helvetica Neue', Helvetica, Arial, sans-serif; font-size: 13px; font-style: normal; font-weight: 400; word-spacing: 0px; vertical-align: inherit; white-space: normal; position: relative; box-sizing: border-box; orphans: 2; widows: 2; box-shadow: 2px 2px 4px #9999aa; background-color: #c9d7f1; font-variant-ligatures: normal; font-variant-caps: normal; -webkit-text-stroke-width: 0px; text-decoration-thickness: initial; text-decoration-style: initial; text-decoration-color: initial;\">graisse de palme, marjolaine, poivre, ail, ar\u00f4mes, saveur fum\u00e9e.<span style=\"font-size: small;\">\u00a0<\/span><\/span><span style=\"color: #64686c; text-transform: none; text-indent: 0px; letter-spacing: normal; font-family: 'Helvetica Neue', Helvetica, Arial, sans-serif; font-size: 13px; font-style: normal; font-weight: 400; word-spacing: 0px; vertical-align: inherit; white-space: normal; orphans: 2; widows: 2; background-color: #ffffff; font-variant-ligatures: normal; font-variant-caps: normal; -webkit-text-stroke-width: 0px; text-decoration-thickness: initial; text-decoration-style: initial; text-decoration-color: initial;\">peut contenir du gluten (c\u00e9r\u00e9ales), du lait, des \u0153ufs, du soja, du c\u00e9leri et des graines de moutarde.<\/span><\/p>\n","protected":false},"excerpt":{"rendered":"<p>Ingr\u00e9dients : Nouilles (79 %) : Farine de bl\u00e9, graisse de palme, sel, amidon modifi\u00e9, sucre, huile de colza, extrait de curcuma.\u00a0peut contenir du lait, des \u0153ufs, du soja, du <a class=\"more-link\" href=\"https:\/\/dom-polski.fr\/index.php\/product\/soupe-barszcz-rouge-66-g-amino\/\">Afficher la suite \u2192<\/a><\/p>\n","protected":false},"featured_media":10074,"comment_status":"open","ping_status":"closed","template":"","meta":{"spay_email":"","jetpack_publicize_message":"","jetpack_is_tweetstorm":false},"aioseo_notices":[],"jetpack_publicize_connections":[],"jetpack_likes_enabled":false,"_links":{"self":[{"href":"https:\/\/dom-polski.fr\/index.php\/wp-json\/wp\/v2\/product\/7453"}],"collection":[{"href":"https:\/\/dom-polski.fr\/index.php\/wp-json\/wp\/v2\/product"}],"about":[{"href":"https:\/\/dom-polski.fr\/index.php\/wp-json\/wp\/v2\/types\/product"}],"replies":[{"embeddable":true,"href":"https:\/\/dom-polski.fr\/index.php\/wp-json\/wp\/v2\/comments?post=7453"}],"wp:featuredmedia":[{"embeddable":true,"href":"https:\/\/dom-polski.fr\/index.php\/wp-json\/wp\/v2\/media\/10074"}],"wp:attachment":[{"href":"https:\/\/dom-polski.fr\/index.php\/wp-json\/wp\/v2\/media?parent=7453"}],"curies":[{"name":"wp","href":"https:\/\/api.w.org\/{rel}","templated":true}]}}