{"id":7451,"date":"2021-06-30T16:20:01","date_gmt":"2021-06-30T14:20:01","guid":{"rendered":"https:\/\/dom-polski.fr\/?post_type=product&#038;p=7451"},"modified":"2024-01-14T09:06:25","modified_gmt":"2024-01-14T08:06:25","slug":"soupe-aux-champignons-44-g-winiary","status":"publish","type":"product","link":"https:\/\/dom-polski.fr\/index.php\/product\/soupe-aux-champignons-44-g-winiary\/","title":{"rendered":"Soupe aux champignons 44 g Winiary"},"content":{"rendered":"<p>Ingr\u00e9dients : <span style=\"color: #64686c; text-transform: none; text-indent: 0px; letter-spacing: normal; font-family: 'Helvetica Neue', Helvetica, Arial, sans-serif; font-size: 13px; font-style: normal; font-weight: 400; word-spacing: 0px; float: none; display: inline !important; white-space: normal; orphans: 2; widows: 2; background-color: #ffffff; font-variant-ligatures: normal; font-variant-caps: normal; -webkit-text-stroke-width: 0px; text-decoration-thickness: initial; text-decoration-style: initial; text-decoration-color: initial;\">Amidon de ma\u00efs, farine de bl\u00e9 19,1 %, lait \u00e9cr\u00e9m\u00e9 en poudre 15,9 %, champignons s\u00e9ch\u00e9s (dont concentr\u00e9) 15,5 %, cr\u00e8me en poudre (de lait) 8,5 %, extrait de levure, ar\u00f4me (avec bl\u00e9), oignon s\u00e9ch\u00e9, graisse de volaille, feuille de persil, poivre noir, acide (acide citrique).<\/span><\/p>\n","protected":false},"excerpt":{"rendered":"<p>Ingr\u00e9dients : Amidon de ma\u00efs, farine de bl\u00e9 19,1 %, lait \u00e9cr\u00e9m\u00e9 en poudre 15,9 %, champignons s\u00e9ch\u00e9s (dont concentr\u00e9) 15,5 %, cr\u00e8me en poudre (de lait) 8,5 %, extrait <a class=\"more-link\" href=\"https:\/\/dom-polski.fr\/index.php\/product\/soupe-aux-champignons-44-g-winiary\/\">Afficher la suite \u2192<\/a><\/p>\n","protected":false},"featured_media":7452,"comment_status":"open","ping_status":"closed","template":"","meta":{"spay_email":"","jetpack_publicize_message":"","jetpack_is_tweetstorm":false},"aioseo_notices":[],"jetpack_publicize_connections":[],"jetpack_likes_enabled":false,"_links":{"self":[{"href":"https:\/\/dom-polski.fr\/index.php\/wp-json\/wp\/v2\/product\/7451"}],"collection":[{"href":"https:\/\/dom-polski.fr\/index.php\/wp-json\/wp\/v2\/product"}],"about":[{"href":"https:\/\/dom-polski.fr\/index.php\/wp-json\/wp\/v2\/types\/product"}],"replies":[{"embeddable":true,"href":"https:\/\/dom-polski.fr\/index.php\/wp-json\/wp\/v2\/comments?post=7451"}],"wp:featuredmedia":[{"embeddable":true,"href":"https:\/\/dom-polski.fr\/index.php\/wp-json\/wp\/v2\/media\/7452"}],"wp:attachment":[{"href":"https:\/\/dom-polski.fr\/index.php\/wp-json\/wp\/v2\/media?parent=7451"}],"curies":[{"name":"wp","href":"https:\/\/api.w.org\/{rel}","templated":true}]}}