{"id":7447,"date":"2021-06-30T16:14:55","date_gmt":"2021-06-30T14:14:55","guid":{"rendered":"https:\/\/dom-polski.fr\/?post_type=product&#038;p=7447"},"modified":"2022-02-12T18:56:15","modified_gmt":"2022-02-12T17:56:15","slug":"soupes-aux-champignons-44-g-winiary","status":"publish","type":"product","link":"https:\/\/dom-polski.fr\/index.php\/product\/soupes-aux-champignons-44-g-winiary\/","title":{"rendered":"Soupes aux champignons 44 g Winiary"},"content":{"rendered":"<p>Ingr\u00e9dients : <span style=\"color: #64686c; text-transform: none; text-indent: 0px; letter-spacing: normal; font-family: 'Helvetica Neue', Helvetica, Arial, sans-serif; font-size: 13px; font-style: normal; font-weight: 400; word-spacing: 0px; float: none; display: inline !important; white-space: normal; orphans: 2; widows: 2; background-color: #ffffff; font-variant-ligatures: normal; font-variant-caps: normal; -webkit-text-stroke-width: 0px; text-decoration-thickness: initial; text-decoration-style: initial; text-decoration-color: initial;\">Farine de bl\u00e9 26,5 %, amidon de ma\u00efs, cr\u00e8me en poudre (de lait) 11,2 %, lait \u00e9cr\u00e9m\u00e9 en poudre 10,2 %, champignons s\u00e9ch\u00e9s (bolets 6,5 %, babeurre), extrait de levure, l\u00e9gumes secs (oignon 4,5 %, ail), sel, ar\u00f4mes ( avec bl\u00e9, lait), huile de tournesol, prot\u00e9ine de bl\u00e9 ferment\u00e9e, colorant (caramel), feuille de persil, \u00e9pices.<\/span><\/p>\n","protected":false},"excerpt":{"rendered":"<p>Ingr\u00e9dients : Farine de bl\u00e9 26,5 %, amidon de ma\u00efs, cr\u00e8me en poudre (de lait) 11,2 %, lait \u00e9cr\u00e9m\u00e9 en poudre 10,2 %, champignons s\u00e9ch\u00e9s (bolets 6,5 %, babeurre), extrait <a class=\"more-link\" href=\"https:\/\/dom-polski.fr\/index.php\/product\/soupes-aux-champignons-44-g-winiary\/\">Afficher la suite \u2192<\/a><\/p>\n","protected":false},"featured_media":7448,"comment_status":"open","ping_status":"closed","template":"","meta":{"spay_email":"","jetpack_publicize_message":"","jetpack_is_tweetstorm":false},"aioseo_notices":[],"jetpack_publicize_connections":[],"jetpack_likes_enabled":false,"_links":{"self":[{"href":"https:\/\/dom-polski.fr\/index.php\/wp-json\/wp\/v2\/product\/7447"}],"collection":[{"href":"https:\/\/dom-polski.fr\/index.php\/wp-json\/wp\/v2\/product"}],"about":[{"href":"https:\/\/dom-polski.fr\/index.php\/wp-json\/wp\/v2\/types\/product"}],"replies":[{"embeddable":true,"href":"https:\/\/dom-polski.fr\/index.php\/wp-json\/wp\/v2\/comments?post=7447"}],"wp:featuredmedia":[{"embeddable":true,"href":"https:\/\/dom-polski.fr\/index.php\/wp-json\/wp\/v2\/media\/7448"}],"wp:attachment":[{"href":"https:\/\/dom-polski.fr\/index.php\/wp-json\/wp\/v2\/media?parent=7447"}],"curies":[{"name":"wp","href":"https:\/\/api.w.org\/{rel}","templated":true}]}}