{"id":7445,"date":"2021-06-30T16:09:22","date_gmt":"2021-06-30T14:09:22","guid":{"rendered":"https:\/\/dom-polski.fr\/?post_type=product&#038;p=7445"},"modified":"2021-06-30T16:09:23","modified_gmt":"2021-06-30T14:09:23","slug":"romarin-15-g-prymat","status":"publish","type":"product","link":"https:\/\/dom-polski.fr\/index.php\/product\/romarin-15-g-prymat\/","title":{"rendered":"Romarin 15 g Prymat"},"content":{"rendered":"<p>Ingr\u00e9dients : <span style=\"color: #64686c; text-transform: none; text-indent: 0px; letter-spacing: normal; font-family: 'Helvetica Neue', Helvetica, Arial, sans-serif; font-size: 13px; font-style: normal; font-weight: 400; word-spacing: 0px; float: none; display: inline !important; white-space: normal; orphans: 2; widows: 2; background-color: #c9d7f1; font-variant-ligatures: normal; font-variant-caps: normal; -webkit-text-stroke-width: 0px; text-decoration-thickness: initial; text-decoration-style: initial; text-decoration-color: initial;\">Le produit peut contenir des c\u00e9r\u00e9ales contenant du gluten, des \u0153ufs, du lait (y compris du lactose), du soja, de la moutarde, du c\u00e9leri, des arachides et du s\u00e9same.<\/span><\/p>\n","protected":false},"excerpt":{"rendered":"<p>Ingr\u00e9dients : Le produit peut contenir des c\u00e9r\u00e9ales contenant du gluten, des \u0153ufs, du lait (y compris du lactose), du soja, de la moutarde, du c\u00e9leri, des arachides et du <a class=\"more-link\" href=\"https:\/\/dom-polski.fr\/index.php\/product\/romarin-15-g-prymat\/\">Afficher la suite \u2192<\/a><\/p>\n","protected":false},"featured_media":7446,"comment_status":"open","ping_status":"closed","template":"","meta":{"spay_email":"","jetpack_publicize_message":"","jetpack_is_tweetstorm":false},"aioseo_notices":[],"jetpack_publicize_connections":[],"jetpack_likes_enabled":false,"_links":{"self":[{"href":"https:\/\/dom-polski.fr\/index.php\/wp-json\/wp\/v2\/product\/7445"}],"collection":[{"href":"https:\/\/dom-polski.fr\/index.php\/wp-json\/wp\/v2\/product"}],"about":[{"href":"https:\/\/dom-polski.fr\/index.php\/wp-json\/wp\/v2\/types\/product"}],"replies":[{"embeddable":true,"href":"https:\/\/dom-polski.fr\/index.php\/wp-json\/wp\/v2\/comments?post=7445"}],"wp:featuredmedia":[{"embeddable":true,"href":"https:\/\/dom-polski.fr\/index.php\/wp-json\/wp\/v2\/media\/7446"}],"wp:attachment":[{"href":"https:\/\/dom-polski.fr\/index.php\/wp-json\/wp\/v2\/media?parent=7445"}],"curies":[{"name":"wp","href":"https:\/\/api.w.org\/{rel}","templated":true}]}}