{"id":7435,"date":"2021-06-30T15:49:50","date_gmt":"2021-06-30T13:49:50","guid":{"rendered":"https:\/\/dom-polski.fr\/?post_type=product&#038;p=7435"},"modified":"2021-06-30T15:49:51","modified_gmt":"2021-06-30T13:49:51","slug":"persil-sec-6-g-prymat","status":"publish","type":"product","link":"https:\/\/dom-polski.fr\/index.php\/product\/persil-sec-6-g-prymat\/","title":{"rendered":"Persil sec 6 g Prymat"},"content":{"rendered":"<p>Ingr\u00e9dients : <span style=\"color: #64686c; text-transform: none; text-indent: 0px; letter-spacing: normal; font-family: 'Helvetica Neue', Helvetica, Arial, sans-serif; font-size: 13px; font-style: normal; font-weight: 400; word-spacing: 0px; float: none; display: inline !important; white-space: normal; orphans: 2; widows: 2; background-color: #c9d7f1; font-variant-ligatures: normal; font-variant-caps: normal; -webkit-text-stroke-width: 0px; text-decoration-thickness: initial; text-decoration-style: initial; text-decoration-color: initial;\">Feuilles de persil coup\u00e9es, produit s\u00e9ch\u00e9 pouvant contenir : gluten, \u0153ufs, soja, lait (dont lactose), c\u00e9leri, graines de moutarde, s\u00e9same et lupins, qui sont utilis\u00e9s dans la plante.<\/span><\/p>\n","protected":false},"excerpt":{"rendered":"<p><span style=\"color: #64686c; text-transform: none; text-indent: 0px; letter-spacing: normal; font-family: 'Helvetica Neue', Helvetica, Arial, sans-serif; font-size: 12px; font-style: normal; font-weight: 400; word-spacing: 0px; float: none; display: inline !important; white-space: normal; orphans: 2; widows: 2; background-color: #ffffff; font-variant-ligatures: normal; font-variant-caps: normal; -webkit-text-stroke-width: 0px; text-decoration-thickness: initial; text-decoration-style: initial; text-decoration-color: initial;\">Le persil s\u00e9ch\u00e9 Prymat est universel et s&rsquo;harmonise parfaitement avec les diff\u00e9rentes saveurs de nombreux plats. Nous le recommandons particuli\u00e8rement pour les soupes, les sauces, les salades, les p\u00e2t\u00e9s et les salades. Indispensable dans toutes les cuisines, il \u00e9gaye non seulement l&rsquo;apparence des plats pr\u00e9par\u00e9s, les rend plus app\u00e9tissants, mais d\u00e9gage \u00e9galement un parfum tr\u00e8s attrayant. Sous forme de persil s\u00e9ch\u00e9, le Prymat est irrempla\u00e7able en hiver. Les Grecs semaient du persil et de la rue le long des parterres d&rsquo;herbes, d&rsquo;o\u00f9 le dicton \u00ab\u00a0\u00eatre avec du persil et du rut\u00a0\u00bb, qui signifie commencer un travail, des affaires. Les Grecs consid\u00e9raient le persil comme un m\u00e9dicament. De plus, ils l&rsquo;utilisaient pour des tresses et des guirlandes de f\u00eate. Leur odeur \u00e9tait cens\u00e9e d\u00e9courager la consommation excessive de vin et \u00e9liminer les odeurs d\u00e9sagr\u00e9ables. Le persil est cultiv\u00e9 pratiquement partout en Europe, ainsi qu&rsquo;en Am\u00e9rique du Nord,Am\u00e9rique du Sud et Australie<\/span> <a class=\"more-link\" href=\"https:\/\/dom-polski.fr\/index.php\/product\/persil-sec-6-g-prymat\/\">Afficher la suite \u2192<\/a><\/p>\n","protected":false},"featured_media":7436,"comment_status":"open","ping_status":"closed","template":"","meta":{"spay_email":"","jetpack_publicize_message":"","jetpack_is_tweetstorm":false},"aioseo_notices":[],"jetpack_publicize_connections":[],"jetpack_likes_enabled":false,"_links":{"self":[{"href":"https:\/\/dom-polski.fr\/index.php\/wp-json\/wp\/v2\/product\/7435"}],"collection":[{"href":"https:\/\/dom-polski.fr\/index.php\/wp-json\/wp\/v2\/product"}],"about":[{"href":"https:\/\/dom-polski.fr\/index.php\/wp-json\/wp\/v2\/types\/product"}],"replies":[{"embeddable":true,"href":"https:\/\/dom-polski.fr\/index.php\/wp-json\/wp\/v2\/comments?post=7435"}],"wp:featuredmedia":[{"embeddable":true,"href":"https:\/\/dom-polski.fr\/index.php\/wp-json\/wp\/v2\/media\/7436"}],"wp:attachment":[{"href":"https:\/\/dom-polski.fr\/index.php\/wp-json\/wp\/v2\/media?parent=7435"}],"curies":[{"name":"wp","href":"https:\/\/api.w.org\/{rel}","templated":true}]}}