{"id":7419,"date":"2021-06-30T11:15:30","date_gmt":"2021-06-30T09:15:30","guid":{"rendered":"https:\/\/dom-polski.fr\/?post_type=product&#038;p=7419"},"modified":"2025-10-10T16:26:36","modified_gmt":"2025-10-10T14:26:36","slug":"biscuits-a-la-cannelle-300-g-tago","status":"publish","type":"product","link":"https:\/\/dom-polski.fr\/index.php\/product\/biscuits-a-la-cannelle-300-g-tago\/","title":{"rendered":"Biscuits \u00e0 la cannelle 300 g Tago"},"content":{"rendered":"<p>Ingr\u00e9dients : <span style=\"color: #64686c; font-size: small;\">Farine de bl\u00e9, sucre, sirop de glucose-fructose, graisse de palme, \u00e9pices (1,3 %) : cannelle, clou de girofle, gingembre ;<\/span><span style=\"color: #64686c; font-size: small;\">\u00a0<\/span><span style=\"color: #64686c; text-transform: none; text-indent: 0px; letter-spacing: normal; font-family: 'Helvetica Neue', Helvetica, Arial, sans-serif; font-size: 13px; font-style: normal; font-weight: 400; word-spacing: 0px; vertical-align: inherit; white-space: normal; orphans: 2; widows: 2; background-color: #ffffff; font-variant-ligatures: normal; font-variant-caps: normal; -webkit-text-stroke-width: 0px; text-decoration-thickness: initial; text-decoration-style: initial; text-decoration-color: initial;\">poudre \u00e0 lever : carbonates de sodium.<span style=\"font-size: small;\">\u00a0<\/span><\/span><span style=\"color: #64686c; text-transform: none; text-indent: 0px; letter-spacing: normal; font-family: 'Helvetica Neue', Helvetica, Arial, sans-serif; font-size: 13px; font-style: normal; font-weight: 400; word-spacing: 0px; vertical-align: inherit; white-space: normal; orphans: 2; widows: 2; background-color: #ffffff; font-variant-ligatures: normal; font-variant-caps: normal; -webkit-text-stroke-width: 0px; text-decoration-thickness: initial; text-decoration-style: initial; text-decoration-color: initial;\">contient du gluten.<span style=\"font-size: small;\">\u00a0<\/span><\/span><span style=\"color: #64686c; text-transform: none; text-indent: 0px; letter-spacing: normal; font-family: 'Helvetica Neue', Helvetica, Arial, sans-serif; font-size: 13px; font-style: normal; font-weight: 400; word-spacing: 0px; vertical-align: inherit; white-space: normal; orphans: 2; widows: 2; background-color: #ffffff; font-variant-ligatures: normal; font-variant-caps: normal; -webkit-text-stroke-width: 0px; text-decoration-thickness: initial; text-decoration-style: initial; text-decoration-color: initial;\">peut contenir du lait, des arachides, des noix, des graines de s\u00e9same, des \u0153ufs et du soja.<\/span><\/p>\n","protected":false},"excerpt":{"rendered":"<p>Ingr\u00e9dients : Farine de bl\u00e9, sucre, sirop de glucose-fructose, graisse de palme, \u00e9pices (1,3 %) : cannelle, clou de girofle, gingembre ;\u00a0poudre \u00e0 lever : carbonates de sodium.\u00a0contient du gluten.\u00a0peut <a class=\"more-link\" href=\"https:\/\/dom-polski.fr\/index.php\/product\/biscuits-a-la-cannelle-300-g-tago\/\">Afficher la suite \u2192<\/a><\/p>\n","protected":false},"featured_media":7420,"comment_status":"open","ping_status":"closed","template":"","meta":{"spay_email":"","jetpack_publicize_message":"","jetpack_is_tweetstorm":false},"aioseo_notices":[],"jetpack_publicize_connections":[],"jetpack_likes_enabled":false,"_links":{"self":[{"href":"https:\/\/dom-polski.fr\/index.php\/wp-json\/wp\/v2\/product\/7419"}],"collection":[{"href":"https:\/\/dom-polski.fr\/index.php\/wp-json\/wp\/v2\/product"}],"about":[{"href":"https:\/\/dom-polski.fr\/index.php\/wp-json\/wp\/v2\/types\/product"}],"replies":[{"embeddable":true,"href":"https:\/\/dom-polski.fr\/index.php\/wp-json\/wp\/v2\/comments?post=7419"}],"wp:featuredmedia":[{"embeddable":true,"href":"https:\/\/dom-polski.fr\/index.php\/wp-json\/wp\/v2\/media\/7420"}],"wp:attachment":[{"href":"https:\/\/dom-polski.fr\/index.php\/wp-json\/wp\/v2\/media?parent=7419"}],"curies":[{"name":"wp","href":"https:\/\/api.w.org\/{rel}","templated":true}]}}