{"id":7416,"date":"2021-06-29T10:56:06","date_gmt":"2021-06-29T08:56:06","guid":{"rendered":"https:\/\/dom-polski.fr\/?post_type=product&#038;p=7416"},"modified":"2023-12-28T15:54:55","modified_gmt":"2023-12-28T14:54:55","slug":"chocolat-a-la-gaufrette-100-g-wawel","status":"publish","type":"product","link":"https:\/\/dom-polski.fr\/index.php\/product\/chocolat-a-la-gaufrette-100-g-wawel\/","title":{"rendered":"Chocolat \u00e0 la gaufrette 100 g Wawel"},"content":{"rendered":"<p><span style=\"color: #64686c; font-size: small;\">Ingr\u00e9dients : Chocolat 50 % [sucre, p\u00e2te de cacao, beurre de cacao, mati\u00e8re grasse v\u00e9g\u00e9tale (karit\u00e9), \u00e9mulsifiant : l\u00e9cithines (de soja)], sucre, mati\u00e8re grasse v\u00e9g\u00e9tale (palme, coco), gaufrettes 7,8 % [farine de bl\u00e9, sucre, f\u00e9cule de pomme de terre, v\u00e9g\u00e9tale graisse (de palme), sel], lait \u00e9cr\u00e9m\u00e9 en poudre, cacao all\u00e9g\u00e9 en mati\u00e8re grasse de 3,3 %, \u00e9mulsifiant : l\u00e9cithine (de soja), ar\u00f4me naturel.<\/span><span style=\"color: #64686c; font-size: small;\">\u00a0<\/span><span style=\"color: #64686c; text-transform: none; text-indent: 0px; letter-spacing: normal; font-family: 'Helvetica Neue', Helvetica, Arial, sans-serif; font-size: 13px; font-style: normal; font-weight: 400; word-spacing: 0px; vertical-align: inherit; white-space: normal; orphans: 2; widows: 2; background-color: #ffffff; font-variant-ligatures: normal; font-variant-caps: normal; -webkit-text-stroke-width: 0px; text-decoration-thickness: initial; text-decoration-style: initial; text-decoration-color: initial;\">le produit peut contenir des arachides, des noisettes, des amandes, des graines de s\u00e9same et des \u0153ufs.<span style=\"font-size: small;\">\u00a0<\/span><\/span><span style=\"color: #64686c; text-transform: none; text-indent: 0px; letter-spacing: normal; font-family: 'Helvetica Neue', Helvetica, Arial, sans-serif; font-size: 13px; font-style: normal; font-weight: 400; word-spacing: 0px; vertical-align: inherit; white-space: normal; orphans: 2; widows: 2; background-color: #ffffff; font-variant-ligatures: normal; font-variant-caps: normal; -webkit-text-stroke-width: 0px; text-decoration-thickness: initial; text-decoration-style: initial; text-decoration-color: initial;\">chocolat : cacao 43 % minimum.<br \/>\nAllerg\u00e8nes : Soja<br \/>\nPeut contenir : C\u00e9r\u00e9ales (gluten), lait, cacahu\u00e8tes, arachides, noisettes, \u0153ufs et s\u00e9same.<br \/>\n<\/span><\/p>\n","protected":false},"excerpt":{"rendered":"<p>Ingr\u00e9dients : Chocolat 50 % [sucre, p\u00e2te de cacao, beurre de cacao, mati\u00e8re grasse v\u00e9g\u00e9tale (karit\u00e9), \u00e9mulsifiant : l\u00e9cithines (de soja)], sucre, mati\u00e8re grasse v\u00e9g\u00e9tale (palme, coco), gaufrettes 7,8 % <a class=\"more-link\" href=\"https:\/\/dom-polski.fr\/index.php\/product\/chocolat-a-la-gaufrette-100-g-wawel\/\">Afficher la suite \u2192<\/a><\/p>\n","protected":false},"featured_media":7417,"comment_status":"open","ping_status":"closed","template":"","meta":{"spay_email":"","jetpack_publicize_message":"","jetpack_is_tweetstorm":false},"aioseo_notices":[],"jetpack_publicize_connections":[],"jetpack_likes_enabled":false,"_links":{"self":[{"href":"https:\/\/dom-polski.fr\/index.php\/wp-json\/wp\/v2\/product\/7416"}],"collection":[{"href":"https:\/\/dom-polski.fr\/index.php\/wp-json\/wp\/v2\/product"}],"about":[{"href":"https:\/\/dom-polski.fr\/index.php\/wp-json\/wp\/v2\/types\/product"}],"replies":[{"embeddable":true,"href":"https:\/\/dom-polski.fr\/index.php\/wp-json\/wp\/v2\/comments?post=7416"}],"wp:featuredmedia":[{"embeddable":true,"href":"https:\/\/dom-polski.fr\/index.php\/wp-json\/wp\/v2\/media\/7417"}],"wp:attachment":[{"href":"https:\/\/dom-polski.fr\/index.php\/wp-json\/wp\/v2\/media?parent=7416"}],"curies":[{"name":"wp","href":"https:\/\/api.w.org\/{rel}","templated":true}]}}