{"id":7387,"date":"2021-05-28T10:54:13","date_gmt":"2021-05-28T08:54:13","guid":{"rendered":"https:\/\/dom-polski.fr\/?post_type=product&#038;p=7387"},"modified":"2025-12-13T21:49:09","modified_gmt":"2025-12-13T20:49:09","slug":"sezamki-aha-2750-g-e-wedel","status":"publish","type":"product","link":"https:\/\/dom-polski.fr\/index.php\/product\/sezamki-aha-2750-g-e-wedel\/","title":{"rendered":"Sezamki AHA 27,50 g E. Wedel"},"content":{"rendered":"<p><span style=\"color: #64686c; font-size: small;\">Ingr\u00e9dients : Graines de s\u00e9same (45 %), sirop de glucose, sucre.<\/span><span style=\"color: #64686c; font-size: small;\"><br \/>\nAllerg\u00e8nes : P<\/span><span style=\"color: #64686c; text-transform: none; text-indent: 0px; letter-spacing: normal; font-family: 'Helvetica Neue', Helvetica, Arial, sans-serif; font-size: 13px; font-style: normal; font-weight: 400; word-spacing: 0px; vertical-align: inherit; white-space: normal; orphans: 2; widows: 2; background-color: #ffffff; font-variant-ligatures: normal; font-variant-caps: normal; -webkit-text-stroke-width: 0px; text-decoration-thickness: initial; text-decoration-style: initial; text-decoration-color: initial;\">eut contenir des arachides, des arachides, des \u0153ufs.<\/span><\/p>\n","protected":false},"excerpt":{"rendered":"<p>Ingr\u00e9dients : Graines de s\u00e9same (45 %), sirop de glucose, sucre. Allerg\u00e8nes : Peut contenir des arachides, des arachides, des \u0153ufs.<\/p>\n","protected":false},"featured_media":7388,"comment_status":"open","ping_status":"closed","template":"","meta":{"spay_email":"","jetpack_publicize_message":"","jetpack_is_tweetstorm":false},"aioseo_notices":[],"jetpack_publicize_connections":[],"jetpack_likes_enabled":false,"_links":{"self":[{"href":"https:\/\/dom-polski.fr\/index.php\/wp-json\/wp\/v2\/product\/7387"}],"collection":[{"href":"https:\/\/dom-polski.fr\/index.php\/wp-json\/wp\/v2\/product"}],"about":[{"href":"https:\/\/dom-polski.fr\/index.php\/wp-json\/wp\/v2\/types\/product"}],"replies":[{"embeddable":true,"href":"https:\/\/dom-polski.fr\/index.php\/wp-json\/wp\/v2\/comments?post=7387"}],"wp:featuredmedia":[{"embeddable":true,"href":"https:\/\/dom-polski.fr\/index.php\/wp-json\/wp\/v2\/media\/7388"}],"wp:attachment":[{"href":"https:\/\/dom-polski.fr\/index.php\/wp-json\/wp\/v2\/media?parent=7387"}],"curies":[{"name":"wp","href":"https:\/\/api.w.org\/{rel}","templated":true}]}}