{"id":7381,"date":"2021-05-26T17:06:12","date_gmt":"2021-05-26T15:06:12","guid":{"rendered":"https:\/\/dom-polski.fr\/?post_type=product&#038;p=7381"},"modified":"2021-05-26T17:06:41","modified_gmt":"2021-05-26T15:06:41","slug":"moutarde-aux-pruneaux-180-g-prymat","status":"publish","type":"product","link":"https:\/\/dom-polski.fr\/index.php\/product\/moutarde-aux-pruneaux-180-g-prymat\/","title":{"rendered":"Moutarde aux pruneaux 180 g Prymat"},"content":{"rendered":"<p><span style=\"color: #64686c; font-size: small;\">Ingr\u00e9dients : Eau, moutarde blanche, vinaigre d&rsquo;alcool, sucre, eau-de-vie de prune 2 %, sel, ar\u00f4mes, r\u00e9gulateur d&rsquo;acidit\u00e9: acide citrique;<\/span><span style=\"color: #64686c; font-size: small;\">\u00a0<\/span><span style=\"color: #64686c; text-transform: none; text-indent: 0px; letter-spacing: normal; font-family: 'Helvetica Neue', Helvetica, Arial, sans-serif; font-size: 13px; font-style: normal; font-weight: 400; word-spacing: 0px; vertical-align: inherit; white-space: normal; orphans: 2; widows: 2; background-color: #ffffff; font-variant-ligatures: normal; font-variant-caps: normal; -webkit-text-stroke-width: 0px; text-decoration-thickness: initial; text-decoration-style: initial; text-decoration-color: initial;\">extrait de curcuma.<\/span><\/p>\n","protected":false},"excerpt":{"rendered":"<p>Ingr\u00e9dients : Eau, moutarde blanche, vinaigre d&rsquo;alcool, sucre, eau-de-vie de prune 2 %, sel, ar\u00f4mes, r\u00e9gulateur d&rsquo;acidit\u00e9: acide citrique;\u00a0extrait de curcuma.<\/p>\n","protected":false},"featured_media":6917,"comment_status":"open","ping_status":"closed","template":"","meta":{"spay_email":"","jetpack_publicize_message":"","jetpack_is_tweetstorm":false},"aioseo_notices":[],"jetpack_publicize_connections":[],"jetpack_likes_enabled":false,"_links":{"self":[{"href":"https:\/\/dom-polski.fr\/index.php\/wp-json\/wp\/v2\/product\/7381"}],"collection":[{"href":"https:\/\/dom-polski.fr\/index.php\/wp-json\/wp\/v2\/product"}],"about":[{"href":"https:\/\/dom-polski.fr\/index.php\/wp-json\/wp\/v2\/types\/product"}],"replies":[{"embeddable":true,"href":"https:\/\/dom-polski.fr\/index.php\/wp-json\/wp\/v2\/comments?post=7381"}],"wp:featuredmedia":[{"embeddable":true,"href":"https:\/\/dom-polski.fr\/index.php\/wp-json\/wp\/v2\/media\/6917"}],"wp:attachment":[{"href":"https:\/\/dom-polski.fr\/index.php\/wp-json\/wp\/v2\/media?parent=7381"}],"curies":[{"name":"wp","href":"https:\/\/api.w.org\/{rel}","templated":true}]}}