{"id":7375,"date":"2021-05-26T16:47:42","date_gmt":"2021-05-26T14:47:42","guid":{"rendered":"https:\/\/dom-polski.fr\/?post_type=product&#038;p=7375"},"modified":"2024-12-09T14:01:07","modified_gmt":"2024-12-09T13:01:07","slug":"guimauve-mleczko-gout-fraise-360-g-e-wedel","status":"publish","type":"product","link":"https:\/\/dom-polski.fr\/index.php\/product\/guimauve-mleczko-gout-fraise-360-g-e-wedel\/","title":{"rendered":"Guimauve Mleczko go\u00fbt fraise 360 g E. Wedel"},"content":{"rendered":"<p>Ingr\u00e9dients : <span style=\"color: #64686c; font-size: small;\">Il contient 0,2 % de jus de fraise.<\/span><span style=\"color: #64686c; font-size: small;\"> I<\/span><span style=\"color: #64686c; text-transform: none; text-indent: 0px; letter-spacing: normal; font-family: 'Helvetica Neue', Helvetica, Arial, sans-serif; font-size: 13px; font-style: normal; font-weight: 400; word-spacing: 0px; vertical-align: inherit; white-space: normal; orphans: 2; widows: 2; background-color: #ffffff; font-variant-ligatures: normal; font-variant-caps: normal; -webkit-text-stroke-width: 0px; text-decoration-thickness: initial; text-decoration-style: initial; text-decoration-color: initial;\">ngr\u00e9dients : Chocolat blanc 31 % (sucre, beurre de cacao, lait entier en poudre, \u00e9mulsifiant: l\u00e9cithine de soja, ar\u00f4me), sucre, sirop de glucose, beurre, lait condens\u00e9 sucr\u00e9 (4,4 %), solution de sucre inverti, fraise (1,4 %) (sirop de glucose-fructose, sucre, amidon modifi\u00e9, concentr\u00e9 de jus de fraise, acide: acide citrique, stabilisant: pectine, ar\u00f4me, colorant: carmin), blanc d&rsquo;\u0153uf en poudre, g\u00e9lifiant (agar), r\u00e9gulateur d&rsquo;acidit\u00e9 (citron acide), cr\u00e8me en poudre (0,3%), ar\u00f4mes, conservateur (E202), couleur (carmin).<span style=\"font-size: small;\">\u00a0<\/span><\/span><span style=\"color: #64686c; text-transform: none; text-indent: 0px; letter-spacing: normal; font-family: 'Helvetica Neue', Helvetica, Arial, sans-serif; font-size: 13px; font-style: normal; font-weight: 400; word-spacing: 0px; vertical-align: inherit; white-space: normal; orphans: 2; widows: 2; background-color: #ffffff; font-variant-ligatures: normal; font-variant-caps: normal; -webkit-text-stroke-width: 0px; text-decoration-thickness: initial; text-decoration-style: initial; text-decoration-color: initial;\">peut contenir des arachides, des fruits \u00e0 coque, des c\u00e9r\u00e9ales (gluten).<\/span><\/p>\n","protected":false},"excerpt":{"rendered":"<p>Ingr\u00e9dients : Il contient 0,2 % de jus de fraise. Ingr\u00e9dients : Chocolat blanc 31 % (sucre, beurre de cacao, lait entier en poudre, \u00e9mulsifiant: l\u00e9cithine de soja, ar\u00f4me), sucre, <a class=\"more-link\" href=\"https:\/\/dom-polski.fr\/index.php\/product\/guimauve-mleczko-gout-fraise-360-g-e-wedel\/\">Afficher la suite \u2192<\/a><\/p>\n","protected":false},"featured_media":7366,"comment_status":"open","ping_status":"closed","template":"","meta":{"spay_email":"","jetpack_publicize_message":"","jetpack_is_tweetstorm":false},"aioseo_notices":[],"jetpack_publicize_connections":[],"jetpack_likes_enabled":false,"_links":{"self":[{"href":"https:\/\/dom-polski.fr\/index.php\/wp-json\/wp\/v2\/product\/7375"}],"collection":[{"href":"https:\/\/dom-polski.fr\/index.php\/wp-json\/wp\/v2\/product"}],"about":[{"href":"https:\/\/dom-polski.fr\/index.php\/wp-json\/wp\/v2\/types\/product"}],"replies":[{"embeddable":true,"href":"https:\/\/dom-polski.fr\/index.php\/wp-json\/wp\/v2\/comments?post=7375"}],"wp:featuredmedia":[{"embeddable":true,"href":"https:\/\/dom-polski.fr\/index.php\/wp-json\/wp\/v2\/media\/7366"}],"wp:attachment":[{"href":"https:\/\/dom-polski.fr\/index.php\/wp-json\/wp\/v2\/media?parent=7375"}],"curies":[{"name":"wp","href":"https:\/\/api.w.org\/{rel}","templated":true}]}}