{"id":7351,"date":"2021-05-21T10:59:08","date_gmt":"2021-05-21T08:59:08","guid":{"rendered":"https:\/\/dom-polski.fr\/?post_type=product&#038;p=7351"},"modified":"2021-05-21T10:59:08","modified_gmt":"2021-05-21T08:59:08","slug":"sac-a-cadeau-en-papier-plastifie","status":"publish","type":"product","link":"https:\/\/dom-polski.fr\/index.php\/product\/sac-a-cadeau-en-papier-plastifie\/","title":{"rendered":"Sac \u00e0 cadeau en papier plastifi\u00e9"},"content":{"rendered":"<p>Sac \u00e0 cadeau en papier plastifi\u00e9<br \/>\nDimensions : 20 x 24 x 11 cm<\/p>\n","protected":false},"excerpt":{"rendered":"<p>Sac \u00e0 cadeau en papier plastifi\u00e9 Dimensions : 20 x 24 x 11 cm<\/p>\n","protected":false},"featured_media":7353,"comment_status":"open","ping_status":"closed","template":"","meta":{"spay_email":"","jetpack_publicize_message":"","jetpack_is_tweetstorm":false},"aioseo_notices":[],"jetpack_publicize_connections":[],"jetpack_likes_enabled":false,"_links":{"self":[{"href":"https:\/\/dom-polski.fr\/index.php\/wp-json\/wp\/v2\/product\/7351"}],"collection":[{"href":"https:\/\/dom-polski.fr\/index.php\/wp-json\/wp\/v2\/product"}],"about":[{"href":"https:\/\/dom-polski.fr\/index.php\/wp-json\/wp\/v2\/types\/product"}],"replies":[{"embeddable":true,"href":"https:\/\/dom-polski.fr\/index.php\/wp-json\/wp\/v2\/comments?post=7351"}],"wp:featuredmedia":[{"embeddable":true,"href":"https:\/\/dom-polski.fr\/index.php\/wp-json\/wp\/v2\/media\/7353"}],"wp:attachment":[{"href":"https:\/\/dom-polski.fr\/index.php\/wp-json\/wp\/v2\/media?parent=7351"}],"curies":[{"name":"wp","href":"https:\/\/api.w.org\/{rel}","templated":true}]}}