{"id":7317,"date":"2021-05-19T16:24:58","date_gmt":"2021-05-19T14:24:58","guid":{"rendered":"https:\/\/dom-polski.fr\/?post_type=product&#038;p=7317"},"modified":"2026-03-30T10:54:07","modified_gmt":"2026-03-30T08:54:07","slug":"mayonnaise-400-ml-winiary","status":"publish","type":"product","link":"https:\/\/dom-polski.fr\/index.php\/product\/mayonnaise-400-ml-winiary\/","title":{"rendered":"Mayonnaise 400 ml Winiary"},"content":{"rendered":"<p>Ingr\u00e9dients :<br \/>\nHuile de colza, jaune d&rsquo;<b>\u0153uf\u00a0<\/b>6,0 %, vinaigre, <b>moutarde\u00a0<\/b>(eau, graines de\u00a0<b>moutarde<\/b>, vinaigre, sel, sucre, \u00e9pices, ar\u00f4me), sucre, sel, \u00e9pices, antioxydant (E 385), r\u00e9gulateur de l&rsquo;acidit\u00e9 (acide citrique).<\/p>\n<p>&nbsp;<\/p>\n","protected":false},"excerpt":{"rendered":"<p>Ingr\u00e9dients : Huile de colza, jaune d&rsquo;\u0153uf\u00a06,0 %, vinaigre, moutarde\u00a0(eau, graines de\u00a0moutarde, vinaigre, sel, sucre, \u00e9pices, ar\u00f4me), sucre, sel, \u00e9pices, antioxydant (E 385), r\u00e9gulateur de l&rsquo;acidit\u00e9 (acide citrique). &nbsp;<\/p>\n","protected":false},"featured_media":6087,"comment_status":"open","ping_status":"closed","template":"","meta":{"spay_email":"","jetpack_publicize_message":"","jetpack_is_tweetstorm":false},"aioseo_notices":[],"jetpack_publicize_connections":[],"jetpack_likes_enabled":false,"_links":{"self":[{"href":"https:\/\/dom-polski.fr\/index.php\/wp-json\/wp\/v2\/product\/7317"}],"collection":[{"href":"https:\/\/dom-polski.fr\/index.php\/wp-json\/wp\/v2\/product"}],"about":[{"href":"https:\/\/dom-polski.fr\/index.php\/wp-json\/wp\/v2\/types\/product"}],"replies":[{"embeddable":true,"href":"https:\/\/dom-polski.fr\/index.php\/wp-json\/wp\/v2\/comments?post=7317"}],"wp:featuredmedia":[{"embeddable":true,"href":"https:\/\/dom-polski.fr\/index.php\/wp-json\/wp\/v2\/media\/6087"}],"wp:attachment":[{"href":"https:\/\/dom-polski.fr\/index.php\/wp-json\/wp\/v2\/media?parent=7317"}],"curies":[{"name":"wp","href":"https:\/\/api.w.org\/{rel}","templated":true}]}}