{"id":7315,"date":"2021-05-19T16:19:19","date_gmt":"2021-05-19T14:19:19","guid":{"rendered":"https:\/\/dom-polski.fr\/?post_type=product&#038;p=7315"},"modified":"2026-02-13T11:16:44","modified_gmt":"2026-02-13T10:16:44","slug":"assaisonnement-sale-de-legumes-seches-500-g-kucharek","status":"publish","type":"product","link":"https:\/\/dom-polski.fr\/index.php\/product\/assaisonnement-sale-de-legumes-seches-500-g-kucharek\/","title":{"rendered":"Assaisonnement sal\u00e9 de l\u00e9gumes s\u00e9ch\u00e9s 200 g Kucharek"},"content":{"rendered":"<p><span>Vegeta est un assaisonnement id\u00e9al pour une vari\u00e9t\u00e9 de plats bouillis ou frits.\u00a0<\/span><span>C&rsquo;est un m\u00e9lange unique et de haute qualit\u00e9 d&rsquo;\u00e9pices et de l\u00e9gumes secs pr\u00e9par\u00e9 par des experts culinaires qui vous incitera \u00e0 de nouvelles cr\u00e9ations culinaires.\u00a0<\/span><span>Que vous pr\u00e9pariez des plats faits maison ou que vous essayiez quelque chose de nouveau avec Vegeta, vous pouvez \u00eatre s\u00fbr que votre aventure en cuisine sera un succ\u00e8s.<\/span><\/p>\n","protected":false},"excerpt":{"rendered":"<p>Ingr\u00e9dients : Sel iod\u00e9 (sel, iodate de potassium), l\u00e9gumes secs 15,5 % (carottes, panais, pommes de terre, oignons, c\u00e9leri, persil), exhausteurs de go\u00fbt (glutamate monosodique, inosinate disodique), sucre, \u00e9pices, amidon de ma\u00efs, colorant (riboflavine). <a class=\"more-link\" href=\"https:\/\/dom-polski.fr\/index.php\/product\/assaisonnement-sale-de-legumes-seches-500-g-kucharek\/\">Afficher la suite \u2192<\/a><\/p>\n","protected":false},"featured_media":6787,"comment_status":"open","ping_status":"closed","template":"","meta":{"spay_email":"","jetpack_publicize_message":"","jetpack_is_tweetstorm":false},"aioseo_notices":[],"jetpack_publicize_connections":[],"jetpack_likes_enabled":false,"_links":{"self":[{"href":"https:\/\/dom-polski.fr\/index.php\/wp-json\/wp\/v2\/product\/7315"}],"collection":[{"href":"https:\/\/dom-polski.fr\/index.php\/wp-json\/wp\/v2\/product"}],"about":[{"href":"https:\/\/dom-polski.fr\/index.php\/wp-json\/wp\/v2\/types\/product"}],"replies":[{"embeddable":true,"href":"https:\/\/dom-polski.fr\/index.php\/wp-json\/wp\/v2\/comments?post=7315"}],"wp:featuredmedia":[{"embeddable":true,"href":"https:\/\/dom-polski.fr\/index.php\/wp-json\/wp\/v2\/media\/6787"}],"wp:attachment":[{"href":"https:\/\/dom-polski.fr\/index.php\/wp-json\/wp\/v2\/media?parent=7315"}],"curies":[{"name":"wp","href":"https:\/\/api.w.org\/{rel}","templated":true}]}}