{"id":7307,"date":"2021-05-18T12:04:32","date_gmt":"2021-05-18T10:04:32","guid":{"rendered":"https:\/\/dom-polski.fr\/?post_type=product&#038;p=7307"},"modified":"2024-10-09T21:51:03","modified_gmt":"2024-10-09T19:51:03","slug":"gaufrette-au-caramel-40-g-tago","status":"publish","type":"product","link":"https:\/\/dom-polski.fr\/index.php\/product\/gaufrette-au-caramel-40-g-tago\/","title":{"rendered":"Gaufrette au caramel beurre sal\u00e9e 40 g Tago"},"content":{"rendered":"<p>Ingr\u00e9dients : <span class=\"goog-text-highlight\">Sirop de glucose-fructose, farine de bl\u00e9, sucre, beurre, margarine [huiles : colza, palme et tournesol ;\u00a0<\/span>\u00e9mulsifiants : mono- et diglyc\u00e9rides d&rsquo;acides gras, esters d&rsquo;acides gras et de polyglyc\u00e9rol, l\u00e9cithine (de soja) ;\u00a0conservateur : sorbate de potassium ;\u00a0r\u00e9gulateur d&rsquo;acidit\u00e9 : acide citrique ;\u00a0ar\u00f4me, colorant : carot\u00e8nes], extrait de malt (orge), graisse de palme, lactos\u00e9rum en poudre (issu du lait), farine de soja, \u0153ufs en poudre, poudre \u00e0 lever : carbonates de sodium ;\u00a0sel, \u00e9pices, \u00e9mulsifiant : l\u00e9cithines (de soja) ;\u00a0ar\u00f4me : caramel.\u00a0Contient du gluten, du lait, des \u0153ufs et du soja.\u00a0Peut contenir des arachides, des noisettes et des graines de s\u00e9same.<\/p>\n","protected":false},"excerpt":{"rendered":"<p>Ingr\u00e9dients : Sirop de glucose-fructose, farine de bl\u00e9, sucre, beurre, margarine [huiles : colza, palme et tournesol ;\u00a0\u00e9mulsifiants : mono- et diglyc\u00e9rides d&rsquo;acides gras, esters d&rsquo;acides gras et de polyglyc\u00e9rol, <a class=\"more-link\" href=\"https:\/\/dom-polski.fr\/index.php\/product\/gaufrette-au-caramel-40-g-tago\/\">Afficher la suite \u2192<\/a><\/p>\n","protected":false},"featured_media":7303,"comment_status":"open","ping_status":"closed","template":"","meta":{"spay_email":"","jetpack_publicize_message":"","jetpack_is_tweetstorm":false},"aioseo_notices":[],"jetpack_publicize_connections":[],"jetpack_likes_enabled":false,"_links":{"self":[{"href":"https:\/\/dom-polski.fr\/index.php\/wp-json\/wp\/v2\/product\/7307"}],"collection":[{"href":"https:\/\/dom-polski.fr\/index.php\/wp-json\/wp\/v2\/product"}],"about":[{"href":"https:\/\/dom-polski.fr\/index.php\/wp-json\/wp\/v2\/types\/product"}],"replies":[{"embeddable":true,"href":"https:\/\/dom-polski.fr\/index.php\/wp-json\/wp\/v2\/comments?post=7307"}],"wp:featuredmedia":[{"embeddable":true,"href":"https:\/\/dom-polski.fr\/index.php\/wp-json\/wp\/v2\/media\/7303"}],"wp:attachment":[{"href":"https:\/\/dom-polski.fr\/index.php\/wp-json\/wp\/v2\/media?parent=7307"}],"curies":[{"name":"wp","href":"https:\/\/api.w.org\/{rel}","templated":true}]}}