{"id":7292,"date":"2021-05-18T10:30:04","date_gmt":"2021-05-18T08:30:04","guid":{"rendered":"https:\/\/dom-polski.fr\/?post_type=product&#038;p=7292"},"modified":"2025-11-30T17:36:09","modified_gmt":"2025-11-30T16:36:09","slug":"barre-de-chocolat-au-lait-fouree-au-caramel-45-g-pawelek","status":"publish","type":"product","link":"https:\/\/dom-polski.fr\/index.php\/product\/barre-de-chocolat-au-lait-fouree-au-caramel-45-g-pawelek\/","title":{"rendered":"Barre de chocolat au lait four\u00e9e au caramel 45 g \u00ab\u00a0Pawelek\u00a0\u00bb"},"content":{"rendered":"<p><span style=\"text-align: left; color: #6c757d; text-transform: none; text-indent: 0px; letter-spacing: normal; font-family: 'Noto Serif', serif; font-size: 14px; font-style: normal; font-weight: 400; word-spacing: 0px; float: none; display: inline !important; white-space: normal; orphans: 2; widows: 2; background-color: #ffffff; font-variant-ligatures: normal; font-variant-caps: normal; -webkit-text-stroke-width: 0px; text-decoration-thickness: initial; text-decoration-style: initial; text-decoration-color: initial;\">Ingr\u00e9dients : Chocolat au lait 50 % [(sucre, beurre de cacao, lait entier en poudre, liqueur de cacao, poudre de lactos\u00e9rum (du lait), mati\u00e8re grasse du lait, \u00e9mulsifiants : l\u00e9cithine de soja et E 476, ar\u00f4me)], de sucre, lait condens\u00e9 sucr\u00e9, sirop de glucose, alcool (2,3 %), graisse v\u00e9g\u00e9tale partiellement hydrog\u00e9n\u00e9e (palme, colza, tournesol, karit\u00e9), poudre de lait entier, poudre de petit-lait (du lait), invertase, ar\u00f4mes, \u00e9mulsifiant (l\u00e9cithine de soja), chocolat au lait:poids minimum de 29 % de cacao, masse de lait d&rsquo;au moins 14 %.<br \/>\nAllerg\u00e8nes : Contient du lait, du soja, invertase. Peut contenir des arachides, des noix, des c\u00e9r\u00e9ales, des \u0153ufs. Stocker dans un endroit sec et frais.<br \/>\nPoids : 45 g<br \/>\n<\/span><\/p>\n","protected":false},"excerpt":{"rendered":"<p>Ingr\u00e9dients : Chocolat au lait 50 % [(sucre, beurre de cacao, lait entier en poudre, liqueur de cacao, poudre de lactos\u00e9rum (du lait), mati\u00e8re grasse du lait, \u00e9mulsifiants : l\u00e9cithine <a class=\"more-link\" href=\"https:\/\/dom-polski.fr\/index.php\/product\/barre-de-chocolat-au-lait-fouree-au-caramel-45-g-pawelek\/\">Afficher la suite \u2192<\/a><\/p>\n","protected":false},"featured_media":7293,"comment_status":"open","ping_status":"closed","template":"","meta":{"spay_email":"","jetpack_publicize_message":"","jetpack_is_tweetstorm":false},"aioseo_notices":[],"jetpack_publicize_connections":[],"jetpack_likes_enabled":false,"_links":{"self":[{"href":"https:\/\/dom-polski.fr\/index.php\/wp-json\/wp\/v2\/product\/7292"}],"collection":[{"href":"https:\/\/dom-polski.fr\/index.php\/wp-json\/wp\/v2\/product"}],"about":[{"href":"https:\/\/dom-polski.fr\/index.php\/wp-json\/wp\/v2\/types\/product"}],"replies":[{"embeddable":true,"href":"https:\/\/dom-polski.fr\/index.php\/wp-json\/wp\/v2\/comments?post=7292"}],"wp:featuredmedia":[{"embeddable":true,"href":"https:\/\/dom-polski.fr\/index.php\/wp-json\/wp\/v2\/media\/7293"}],"wp:attachment":[{"href":"https:\/\/dom-polski.fr\/index.php\/wp-json\/wp\/v2\/media?parent=7292"}],"curies":[{"name":"wp","href":"https:\/\/api.w.org\/{rel}","templated":true}]}}