{"id":725,"date":"2018-02-05T15:31:02","date_gmt":"2018-02-05T14:31:02","guid":{"rendered":"http:\/\/dom-polski.fr\/?post_type=product&#038;p=725"},"modified":"2024-09-11T15:07:54","modified_gmt":"2024-09-11T13:07:54","slug":"soupe-zurek","status":"publish","type":"product","link":"https:\/\/dom-polski.fr\/index.php\/product\/soupe-zurek\/","title":{"rendered":"Soupe Zurek Winiary"},"content":{"rendered":"<p>Ingr\u00e9dients : Farine de seigle 46,9 %, lait \u00e9cr\u00e9m\u00e9 en poudre, farine de seigle complet 12,2 %, sel, ar\u00f4mes, gras de porc fum\u00e9, acidifiant (acide citrique), l\u00e9gumes secs 1,8 % (oignon, ail), sucre, marjolaine, \u00e9pices, amidon de ma\u00efs, ar\u00f4me de fum\u00e9e. Peut contenir : \u0153ufs, soja, c\u00e9leri, moutarde.<\/p>\n","protected":false},"excerpt":{"rendered":"<p><span style=\"color: #000000;\"><span style=\"font-family: Arial, sans-serif;\"><span style=\"font-size: small;\">Soupe Zurek <\/span><\/span><\/span><br \/>\n<span style=\"color: #000000;\"><span style=\"font-family: Arial, sans-serif;\"><span style=\"font-size: small;\">Soupe traditionnelle Zurek (soupe aigre, ou aigre-doux \u00e0 base de farine de seigle ferment\u00e9e). Portion pour 3 personnes, sans conservateurs.<\/span><\/span><\/span><br \/>\n<span style=\"color: #000000;\"><span style=\"font-family: Arial, sans-serif;\"><span style=\"font-size: small;\">Pr\u00e9paration : M\u00e9langer le contenu du sachet \u00e0 750ml d&rsquo;eau froide et laisser sur le feu jusqu&rsquo;\u00e0 \u00e9bullition. Ensuite, laisser bouillir \u00e0 petit feu pendant 5 minutes en m\u00e9langeant de temps en temps.<\/span><\/span><\/span><br \/>\n<span style=\"color: #000000;\"><span style=\"font-family: Arial, sans-serif;\"><span style=\"font-size: small;\">Notre conseil : Une fois pr\u00eate, on peut rajouter \u00e0 la soupe un \u0153uf dur coup\u00e9 en deux, ainsi qu&rsquo;un morceau d&rsquo;une bonne saucisse fum\u00e9e (par exemple la Wiejska ou la Podwawelska Podsuszana). La soupe sera alors encore plus aromatique.<\/span><\/span><\/span><br \/>\n<span style=\"color: #000000;\"><span style=\"font-family: Arial, sans-serif;\"><span style=\"font-size: small;\">Poids net : 51 g<\/span><\/span><\/span><\/p>\n<p><span style=\"color: #000000;\"><span style=\"font-family: Arial, sans-serif;\"><span style=\"font-size: small;\">Poids brut : 57 g<\/span><\/span><\/span> <a class=\"more-link\" href=\"https:\/\/dom-polski.fr\/index.php\/product\/soupe-zurek\/\">Afficher la suite \u2192<\/a><\/p>\n","protected":false},"featured_media":726,"comment_status":"open","ping_status":"closed","template":"","meta":{"spay_email":"","jetpack_publicize_message":"","jetpack_is_tweetstorm":false},"aioseo_notices":[],"jetpack_publicize_connections":[],"jetpack_likes_enabled":false,"_links":{"self":[{"href":"https:\/\/dom-polski.fr\/index.php\/wp-json\/wp\/v2\/product\/725"}],"collection":[{"href":"https:\/\/dom-polski.fr\/index.php\/wp-json\/wp\/v2\/product"}],"about":[{"href":"https:\/\/dom-polski.fr\/index.php\/wp-json\/wp\/v2\/types\/product"}],"replies":[{"embeddable":true,"href":"https:\/\/dom-polski.fr\/index.php\/wp-json\/wp\/v2\/comments?post=725"}],"wp:featuredmedia":[{"embeddable":true,"href":"https:\/\/dom-polski.fr\/index.php\/wp-json\/wp\/v2\/media\/726"}],"wp:attachment":[{"href":"https:\/\/dom-polski.fr\/index.php\/wp-json\/wp\/v2\/media?parent=725"}],"curies":[{"name":"wp","href":"https:\/\/api.w.org\/{rel}","templated":true}]}}