{"id":723,"date":"2018-02-05T15:29:15","date_gmt":"2018-02-05T14:29:15","guid":{"rendered":"http:\/\/dom-polski.fr\/?post_type=product&#038;p=723"},"modified":"2026-01-03T14:56:14","modified_gmt":"2026-01-03T13:56:14","slug":"soupe-krupnik-a-lorge","status":"publish","type":"product","link":"https:\/\/dom-polski.fr\/index.php\/product\/soupe-krupnik-a-lorge\/","title":{"rendered":"Soupe krupnik \u00e0 l&rsquo;orge"},"content":{"rendered":"","protected":false},"excerpt":{"rendered":"<p><span style=\"color: #000000;\"><span style=\"font-family: Arial, sans-serif;\"><span style=\"font-size: small;\">Soupe Krupnik<\/span><\/span><\/span><br \/>\n<span style=\"color: #000000;\"><span style=\"font-family: Arial, sans-serif;\"><span style=\"font-size: small;\">Soupe traditionnelle \u00e0 base d&rsquo;orge et de l\u00e9gumes s\u00e9ch\u00e9s. Portion pour 3 personnes. Soupe sans conservateurs.<\/span><\/span><\/span><br \/>\n<span style=\"color: #000000;\"><span style=\"font-family: Arial, sans-serif;\"><span style=\"font-size: small;\">Pr\u00e9paration: M\u00e9langer le contenu du sachet \u00e0 750 ml d&rsquo;eau froide. Laisser sur le feu jusqu&rsquo;\u00e0 \u00e9bullition. Ensuite, faire bouillir \u00e0 petit feu pendant 8 minutes en m\u00e9langeant de temps en temps.<\/span><\/span><\/span><br \/>\n<span style=\"color: #000000;\"><span style=\"font-family: Arial, sans-serif;\"><span style=\"font-size: small;\">Poids net : 59 g<\/span><\/span><\/span><\/p>\n<p><span style=\"color: #000000;\"><span style=\"font-family: Arial, sans-serif;\"><span style=\"font-size: small;\">Poids brut\u00a0: 61 g<\/span><\/span><\/span> <a class=\"more-link\" href=\"https:\/\/dom-polski.fr\/index.php\/product\/soupe-krupnik-a-lorge\/\">Afficher la suite \u2192<\/a><\/p>\n","protected":false},"featured_media":724,"comment_status":"open","ping_status":"closed","template":"","meta":{"spay_email":"","jetpack_publicize_message":"","jetpack_is_tweetstorm":false},"aioseo_notices":[],"jetpack_publicize_connections":[],"jetpack_likes_enabled":false,"_links":{"self":[{"href":"https:\/\/dom-polski.fr\/index.php\/wp-json\/wp\/v2\/product\/723"}],"collection":[{"href":"https:\/\/dom-polski.fr\/index.php\/wp-json\/wp\/v2\/product"}],"about":[{"href":"https:\/\/dom-polski.fr\/index.php\/wp-json\/wp\/v2\/types\/product"}],"replies":[{"embeddable":true,"href":"https:\/\/dom-polski.fr\/index.php\/wp-json\/wp\/v2\/comments?post=723"}],"wp:featuredmedia":[{"embeddable":true,"href":"https:\/\/dom-polski.fr\/index.php\/wp-json\/wp\/v2\/media\/724"}],"wp:attachment":[{"href":"https:\/\/dom-polski.fr\/index.php\/wp-json\/wp\/v2\/media?parent=723"}],"curies":[{"name":"wp","href":"https:\/\/api.w.org\/{rel}","templated":true}]}}