{"id":7214,"date":"2021-05-05T17:00:33","date_gmt":"2021-05-05T15:00:33","guid":{"rendered":"https:\/\/dom-polski.fr\/?post_type=product&#038;p=7214"},"modified":"2025-03-12T21:55:06","modified_gmt":"2025-03-12T20:55:06","slug":"chocolat-inka","status":"publish","type":"product","link":"https:\/\/dom-polski.fr\/index.php\/product\/chocolat-inka\/","title":{"rendered":"Chocolat 200 g Inka"},"content":{"rendered":"<p>Ingr\u00e9dients : <span style=\"color: #64686c; font-size: small;\">Caf\u00e9 instantan\u00e9 Inka 50 % (c\u00e9r\u00e9ales 93 % (orge, seigle), chicor\u00e9e, betterave sucri\u00e8re &#8211; torr\u00e9fi\u00e9e), sucre, chocolat \u00e0 boire all\u00e9g\u00e9 14 % [sucre, cacao all\u00e9g\u00e9 (teneur en beurre de cacao 10-12 %).<\/span><span style=\"color: #64686c; font-size: small;\">\u00a0<\/span><span style=\"color: #64686c; text-transform: none; text-indent: 0px; letter-spacing: normal; font-family: 'Helvetica Neue', Helvetica, Arial, sans-serif; font-size: 13px; font-style: normal; font-weight: 400; word-spacing: 0px; vertical-align: inherit; white-space: normal; orphans: 2; widows: 2; background-color: #ffffff; font-variant-ligatures: normal; font-variant-caps: normal; -webkit-text-stroke-width: 0px; text-decoration-thickness: initial; text-decoration-style: initial; text-decoration-color: initial;\">masse de cacao minimale de 25 %].<br \/>\nAllerg\u00e8nes : C\u00e9r\u00e9ales, orge et seigle;<br \/>\nMarque : Inka<br \/>\nPoids : 200 g<br \/>\n<\/span><\/p>\n","protected":false},"excerpt":{"rendered":"<p>Ingr\u00e9dients : Caf\u00e9 instantan\u00e9 Inka 50 % (c\u00e9r\u00e9ales 93 % (orge, seigle), chicor\u00e9e, betterave sucri\u00e8re &#8211; torr\u00e9fi\u00e9e), sucre, chocolat \u00e0 boire all\u00e9g\u00e9 14 % [sucre, cacao all\u00e9g\u00e9 (teneur en beurre <a class=\"more-link\" href=\"https:\/\/dom-polski.fr\/index.php\/product\/chocolat-inka\/\">Afficher la suite \u2192<\/a><\/p>\n","protected":false},"featured_media":7215,"comment_status":"open","ping_status":"closed","template":"","meta":{"spay_email":"","jetpack_publicize_message":"","jetpack_is_tweetstorm":false},"aioseo_notices":[],"jetpack_publicize_connections":[],"jetpack_likes_enabled":false,"_links":{"self":[{"href":"https:\/\/dom-polski.fr\/index.php\/wp-json\/wp\/v2\/product\/7214"}],"collection":[{"href":"https:\/\/dom-polski.fr\/index.php\/wp-json\/wp\/v2\/product"}],"about":[{"href":"https:\/\/dom-polski.fr\/index.php\/wp-json\/wp\/v2\/types\/product"}],"replies":[{"embeddable":true,"href":"https:\/\/dom-polski.fr\/index.php\/wp-json\/wp\/v2\/comments?post=7214"}],"wp:featuredmedia":[{"embeddable":true,"href":"https:\/\/dom-polski.fr\/index.php\/wp-json\/wp\/v2\/media\/7215"}],"wp:attachment":[{"href":"https:\/\/dom-polski.fr\/index.php\/wp-json\/wp\/v2\/media?parent=7214"}],"curies":[{"name":"wp","href":"https:\/\/api.w.org\/{rel}","templated":true}]}}