{"id":721,"date":"2018-02-05T15:27:14","date_gmt":"2018-02-05T14:27:14","guid":{"rendered":"http:\/\/dom-polski.fr\/?post_type=product&#038;p=721"},"modified":"2024-01-14T09:06:26","modified_gmt":"2024-01-14T08:06:26","slug":"soupe-borowikowa","status":"publish","type":"product","link":"https:\/\/dom-polski.fr\/index.php\/product\/soupe-borowikowa\/","title":{"rendered":"Soupe borowikowa"},"content":{"rendered":"","protected":false},"excerpt":{"rendered":"<p><span style=\"color: #000000;\"><span style=\"font-family: Arial, sans-serif;\"><span style=\"font-size: small;\">Soupe Borowikowa 45 g<\/span><\/span><\/span><br \/>\n<span style=\"color: #000000;\"><span style=\"font-family: Arial, sans-serif;\"><span style=\"font-size: small;\">D\u00e9licieuse soupe polonaise aux bolets.<\/span><\/span><\/span><br \/>\n<span style=\"color: #000000;\"><span style=\"font-family: Arial, sans-serif;\"><span style=\"font-size: small;\">Pr\u00e9paration : Verser le contenu du sachet dans 500 ml d&rsquo;eau froide. Chauffer \u00e0 feu doux tout en m\u00e9langeant jusqu&rsquo;\u00e0 \u00e9bullition. Ensuite, continuer de chauffer \u00e0 feu doux durant 5 minutes en m\u00e9langeant de temps en temps.<\/span><\/span><\/span><br \/>\n<span style=\"color: #000000;\"><span style=\"font-family: Arial, sans-serif;\"><span style=\"font-size: small;\">Poids net : 45 g<\/span><\/span><\/span><\/p>\n<p><span style=\"color: #000000;\"><span style=\"font-family: Arial, sans-serif;\"><span style=\"font-size: small;\">Poids brut : 50 g<\/span><\/span><\/span> <a class=\"more-link\" href=\"https:\/\/dom-polski.fr\/index.php\/product\/soupe-borowikowa\/\">Afficher la suite \u2192<\/a><\/p>\n","protected":false},"featured_media":722,"comment_status":"open","ping_status":"closed","template":"","meta":{"spay_email":"","jetpack_publicize_message":"","jetpack_is_tweetstorm":false},"aioseo_notices":[],"jetpack_publicize_connections":[],"jetpack_likes_enabled":false,"_links":{"self":[{"href":"https:\/\/dom-polski.fr\/index.php\/wp-json\/wp\/v2\/product\/721"}],"collection":[{"href":"https:\/\/dom-polski.fr\/index.php\/wp-json\/wp\/v2\/product"}],"about":[{"href":"https:\/\/dom-polski.fr\/index.php\/wp-json\/wp\/v2\/types\/product"}],"replies":[{"embeddable":true,"href":"https:\/\/dom-polski.fr\/index.php\/wp-json\/wp\/v2\/comments?post=721"}],"wp:featuredmedia":[{"embeddable":true,"href":"https:\/\/dom-polski.fr\/index.php\/wp-json\/wp\/v2\/media\/722"}],"wp:attachment":[{"href":"https:\/\/dom-polski.fr\/index.php\/wp-json\/wp\/v2\/media?parent=721"}],"curies":[{"name":"wp","href":"https:\/\/api.w.org\/{rel}","templated":true}]}}