{"id":7201,"date":"2021-05-05T16:44:10","date_gmt":"2021-05-05T14:44:10","guid":{"rendered":"https:\/\/dom-polski.fr\/?post_type=product&#038;p=7201"},"modified":"2023-11-18T15:10:43","modified_gmt":"2023-11-18T14:10:43","slug":"preparation-gateau-au-chocolat-delecta","status":"publish","type":"product","link":"https:\/\/dom-polski.fr\/index.php\/product\/preparation-gateau-au-chocolat-delecta\/","title":{"rendered":"Pr\u00e9paration g\u00e2teau au chocolat 691 gr Delecta"},"content":{"rendered":"<p>Ingr\u00e9dients : <span style=\"color: #64686c; text-transform: none; text-indent: 0px; letter-spacing: normal; font-family: 'Helvetica Neue', Helvetica, Arial, sans-serif; font-size: 13px; font-style: normal; font-weight: 400; word-spacing: 0px; float: none; display: inline !important; white-space: normal; orphans: 2; widows: 2; background-color: #c9d7f1; font-variant-ligatures: normal; font-variant-caps: normal; -webkit-text-stroke-width: 0px; text-decoration-thickness: initial; text-decoration-style: initial; text-decoration-color: initial;\">Sucre, amidon de bl\u00e9, farine de bl\u00e9, amidon de bl\u00e9, poudre \u00e0 lever (farine de bl\u00e9, poudres \u00e0 lever (diphosphates, carbonates de sodium)), amidon, cacao maigre 4,1 %, chocolat en poudre 1,1 % (cacao en poudre, sucre, dextrose), dextrose, fibre de chicor\u00e9e, ar\u00f4mes (contient du lactose), sel, ar\u00f4me naturel de vanille (contient du lait).<br \/>\nAllerg\u00e8nes : C\u00e9r\u00e9ales, lait et \u0153ufs.<br \/>\n<\/span><\/p>\n","protected":false},"excerpt":{"rendered":"<p>Ingr\u00e9dients : Sucre, amidon de bl\u00e9, farine de bl\u00e9, amidon de bl\u00e9, poudre \u00e0 lever (farine de bl\u00e9, poudres \u00e0 lever (diphosphates, carbonates de sodium)), amidon, cacao maigre 4,1 %, <a class=\"more-link\" href=\"https:\/\/dom-polski.fr\/index.php\/product\/preparation-gateau-au-chocolat-delecta\/\">Afficher la suite \u2192<\/a><\/p>\n","protected":false},"featured_media":7202,"comment_status":"open","ping_status":"closed","template":"","meta":{"spay_email":"","jetpack_publicize_message":"","jetpack_is_tweetstorm":false},"aioseo_notices":[],"jetpack_publicize_connections":[],"jetpack_likes_enabled":false,"_links":{"self":[{"href":"https:\/\/dom-polski.fr\/index.php\/wp-json\/wp\/v2\/product\/7201"}],"collection":[{"href":"https:\/\/dom-polski.fr\/index.php\/wp-json\/wp\/v2\/product"}],"about":[{"href":"https:\/\/dom-polski.fr\/index.php\/wp-json\/wp\/v2\/types\/product"}],"replies":[{"embeddable":true,"href":"https:\/\/dom-polski.fr\/index.php\/wp-json\/wp\/v2\/comments?post=7201"}],"wp:featuredmedia":[{"embeddable":true,"href":"https:\/\/dom-polski.fr\/index.php\/wp-json\/wp\/v2\/media\/7202"}],"wp:attachment":[{"href":"https:\/\/dom-polski.fr\/index.php\/wp-json\/wp\/v2\/media?parent=7201"}],"curies":[{"name":"wp","href":"https:\/\/api.w.org\/{rel}","templated":true}]}}