{"id":7191,"date":"2021-05-05T15:58:02","date_gmt":"2021-05-05T13:58:02","guid":{"rendered":"https:\/\/dom-polski.fr\/?post_type=product&#038;p=7191"},"modified":"2025-12-18T22:56:24","modified_gmt":"2025-12-18T21:56:24","slug":"the-a-la-poire-et-aux-pommes-herbapol","status":"publish","type":"product","link":"https:\/\/dom-polski.fr\/index.php\/product\/the-a-la-poire-et-aux-pommes-herbapol\/","title":{"rendered":"Th\u00e9 \u00e0 la poire et aux pommes 20 sachets 54 g Herbapol"},"content":{"rendered":"<p>Ingr\u00e9dients : <span style=\"color: #64686c; text-transform: none; text-indent: 0px; letter-spacing: normal; font-family: 'Helvetica Neue', Helvetica, Arial, sans-serif; font-size: 13px; font-style: normal; font-weight: 400; word-spacing: 0px; float: none; display: inline !important; white-space: normal; orphans: 2; widows: 2; background-color: #ffffff; font-variant-ligatures: normal; font-variant-caps: normal; -webkit-text-stroke-width: 0px; text-decoration-thickness: initial; text-decoration-style: initial; text-decoration-color: initial;\">Pomme (50 %), fleur d&rsquo;hibiscus blanc, poire (10 %), ar\u00f4mes naturels, \u00e9glantier, feuille de m\u00fbre.<\/span><\/p>\n","protected":false},"excerpt":{"rendered":"<p>Ingr\u00e9dients : Pomme (50 %), fleur d&rsquo;hibiscus blanc, poire (10 %), ar\u00f4mes naturels, \u00e9glantier, feuille de m\u00fbre.<\/p>\n","protected":false},"featured_media":7192,"comment_status":"open","ping_status":"closed","template":"","meta":{"spay_email":"","jetpack_publicize_message":"","jetpack_is_tweetstorm":false},"aioseo_notices":[],"jetpack_publicize_connections":[],"jetpack_likes_enabled":false,"_links":{"self":[{"href":"https:\/\/dom-polski.fr\/index.php\/wp-json\/wp\/v2\/product\/7191"}],"collection":[{"href":"https:\/\/dom-polski.fr\/index.php\/wp-json\/wp\/v2\/product"}],"about":[{"href":"https:\/\/dom-polski.fr\/index.php\/wp-json\/wp\/v2\/types\/product"}],"replies":[{"embeddable":true,"href":"https:\/\/dom-polski.fr\/index.php\/wp-json\/wp\/v2\/comments?post=7191"}],"wp:featuredmedia":[{"embeddable":true,"href":"https:\/\/dom-polski.fr\/index.php\/wp-json\/wp\/v2\/media\/7192"}],"wp:attachment":[{"href":"https:\/\/dom-polski.fr\/index.php\/wp-json\/wp\/v2\/media?parent=7191"}],"curies":[{"name":"wp","href":"https:\/\/api.w.org\/{rel}","templated":true}]}}