{"id":719,"date":"2018-02-05T15:24:59","date_gmt":"2018-02-05T14:24:59","guid":{"rendered":"http:\/\/dom-polski.fr\/?post_type=product&#038;p=719"},"modified":"2024-03-02T18:42:55","modified_gmt":"2024-03-02T17:42:55","slug":"soupe-barszcz-rouge","status":"publish","type":"product","link":"https:\/\/dom-polski.fr\/index.php\/product\/soupe-barszcz-rouge\/","title":{"rendered":"Soupe barszcz rouge 60 g Winiary"},"content":{"rendered":"<p><span class=\"goog-text-highlight\">La soupe express est le num\u00e9ro 1 du bortsch rouge en Pologne. <\/span><span>Le bortsch rouge Winiary est un bortsch au go\u00fbt, \u00e0 l&rsquo;ar\u00f4me et \u00e0 la couleur excellents.\u00a0<\/span><span>Le bortsch chaud est bon pour toutes les occasions &#8211; comme une soupe rapide et r\u00e9chauffante au travail, pour un d\u00eener familial quotidien avec des boulettes, une croquette ou un autre ajout pr\u00e9f\u00e9r\u00e9, et avec des boulettes pour un r\u00e9veillon de No\u00ebl polonais traditionnel. <\/span><span>Le bortsch rouge Winiary a tous les avantages d&rsquo;un bortsch parfait : le go\u00fbt de la betterave douce, l&rsquo;assaisonnement \u00e0 l&rsquo;ail et \u00e0 la marjolaine, et une couleur rubis profonde.\u00a0<\/span><span>Chez Winiary, nous nous soucions de ce qui est important &#8211; de bons ingr\u00e9dients dans nos produits.\u00a0<\/span><span>C&rsquo;est pourquoi les betteraves \u00e0 partir desquelles le bortsch rouge Winiary est fabriqu\u00e9 proviennent de cultures polonaises.\u00a0<\/span><span>Le bortsch rouge Winiary Express : C&rsquo;est le go\u00fbt parfait.<\/span><\/p>\n","protected":false},"excerpt":{"rendered":"<p><span style=\"color: #000000;\"><span style=\"font-family: Arial, sans-serif;\"><span style=\"font-size: small;\">Soupe barszcz rouge\u00a0<\/span><\/span><\/span><br \/>\n<span style=\"color: #000000;\"><span style=\"font-family: Arial, sans-serif;\"><span style=\"font-size: small;\">Pr\u00e9paration pour 3 portions de \u00ab\u00a0Barszcz Czerwony\u00a0\u00bb, la soupe aux betteraves polonaise.<\/span><\/span><\/span><br \/>\n<span style=\"color: #000000;\"><span style=\"font-family: Arial, sans-serif;\"><span style=\"font-size: small;\">Mode de pr\u00e9paration:<\/span><\/span><\/span><\/p>\n<ul>\n<li><span style=\"color: #000000;\"> <span style=\"font-family: Arial, sans-serif;\"><span style=\"font-size: small;\">Verser le contenu du sachet dans 750 ml d&rsquo;eau<\/span><\/span><\/span><\/li>\n<li><span style=\"color: #000000;\"> <span style=\"font-family: Arial, sans-serif;\"><span style=\"font-size: small;\">Porter doucement \u00e0 \u00e9bullition tout en m\u00e9langeant<\/span><\/span><\/span><\/li>\n<li><span style=\"color: #000000;\"> <span style=\"font-family: Arial, sans-serif;\"><span style=\"font-size: small;\">Faire bouillir durant 15 minutes, en m\u00e9langeant de temps en temps<\/span><\/span><\/span><\/li>\n<li><span style=\"color: #000000;\"> <span style=\"font-family: Arial, sans-serif;\"><span style=\"font-size: small;\">Filtrer avant de servir<\/span><\/span><\/span><\/li>\n<\/ul>\n<p><span style=\"color: #000000;\"><span style=\"font-family: Arial, sans-serif;\"><span style=\"font-size: small;\">Poids net : 49 g<br \/>\n<\/span><\/span><\/span><span style=\"color: #000000;\"><span style=\"font-family: Arial, sans-serif;\"><span style=\"font-size: small;\">Poids brut : 50g<\/span><\/span><\/span> <a class=\"more-link\" href=\"https:\/\/dom-polski.fr\/index.php\/product\/soupe-barszcz-rouge\/\">Afficher la suite \u2192<\/a><\/p>\n","protected":false},"featured_media":720,"comment_status":"open","ping_status":"closed","template":"","meta":{"spay_email":"","jetpack_publicize_message":"","jetpack_is_tweetstorm":false},"aioseo_notices":[],"jetpack_publicize_connections":[],"jetpack_likes_enabled":false,"_links":{"self":[{"href":"https:\/\/dom-polski.fr\/index.php\/wp-json\/wp\/v2\/product\/719"}],"collection":[{"href":"https:\/\/dom-polski.fr\/index.php\/wp-json\/wp\/v2\/product"}],"about":[{"href":"https:\/\/dom-polski.fr\/index.php\/wp-json\/wp\/v2\/types\/product"}],"replies":[{"embeddable":true,"href":"https:\/\/dom-polski.fr\/index.php\/wp-json\/wp\/v2\/comments?post=719"}],"wp:featuredmedia":[{"embeddable":true,"href":"https:\/\/dom-polski.fr\/index.php\/wp-json\/wp\/v2\/media\/720"}],"wp:attachment":[{"href":"https:\/\/dom-polski.fr\/index.php\/wp-json\/wp\/v2\/media?parent=719"}],"curies":[{"name":"wp","href":"https:\/\/api.w.org\/{rel}","templated":true}]}}