{"id":7187,"date":"2021-05-05T15:46:42","date_gmt":"2021-05-05T13:46:42","guid":{"rendered":"https:\/\/dom-polski.fr\/?post_type=product&#038;p=7187"},"modified":"2023-12-02T03:26:02","modified_gmt":"2023-12-02T02:26:02","slug":"pudding-a-la-vanille-delecta","status":"publish","type":"product","link":"https:\/\/dom-polski.fr\/index.php\/product\/pudding-a-la-vanille-delecta\/","title":{"rendered":"Pudding \u00e0 la vanille Delecta"},"content":{"rendered":"<p>Le pudding Delecta est un dessert \u00e0 la vanille avec une texture lisse et velout\u00e9e.\u00a0Le pudding est l&rsquo;un des desserts lact\u00e9s les plus populaires pour les enfants, mais aussi pour vous.<\/p>\n","protected":false},"excerpt":{"rendered":"<p>Ingr\u00e9dients : Amidon (ma\u00efs, pomme de terre), amidon modifi\u00e9 de pomme de terre, ar\u00f4me, colorants : riboflavines, rocou.<br \/>\nPoids : 64 g <a class=\"more-link\" href=\"https:\/\/dom-polski.fr\/index.php\/product\/pudding-a-la-vanille-delecta\/\">Afficher la suite \u2192<\/a><\/p>\n","protected":false},"featured_media":7188,"comment_status":"open","ping_status":"closed","template":"","meta":{"spay_email":"","jetpack_publicize_message":"","jetpack_is_tweetstorm":false},"aioseo_notices":[],"jetpack_publicize_connections":[],"jetpack_likes_enabled":false,"_links":{"self":[{"href":"https:\/\/dom-polski.fr\/index.php\/wp-json\/wp\/v2\/product\/7187"}],"collection":[{"href":"https:\/\/dom-polski.fr\/index.php\/wp-json\/wp\/v2\/product"}],"about":[{"href":"https:\/\/dom-polski.fr\/index.php\/wp-json\/wp\/v2\/types\/product"}],"replies":[{"embeddable":true,"href":"https:\/\/dom-polski.fr\/index.php\/wp-json\/wp\/v2\/comments?post=7187"}],"wp:featuredmedia":[{"embeddable":true,"href":"https:\/\/dom-polski.fr\/index.php\/wp-json\/wp\/v2\/media\/7188"}],"wp:attachment":[{"href":"https:\/\/dom-polski.fr\/index.php\/wp-json\/wp\/v2\/media?parent=7187"}],"curies":[{"name":"wp","href":"https:\/\/api.w.org\/{rel}","templated":true}]}}