{"id":7158,"date":"2021-04-22T10:57:49","date_gmt":"2021-04-22T08:57:49","guid":{"rendered":"https:\/\/dom-polski.fr\/?post_type=product&#038;p=7158"},"modified":"2024-10-09T21:51:04","modified_gmt":"2024-10-09T19:51:04","slug":"bonbons-caramel-au-lait-1-kilo-mieszko","status":"publish","type":"product","link":"https:\/\/dom-polski.fr\/index.php\/product\/bonbons-caramel-au-lait-1-kilo-mieszko\/","title":{"rendered":"Bonbons caramel au lait 1 kg Mieszko"},"content":{"rendered":"<p><span style=\"color: #64686c; text-transform: none; text-indent: 0px; letter-spacing: normal; font-family: 'Helvetica Neue', Helvetica, Arial, sans-serif; font-size: 13px; font-style: normal; font-weight: 400; word-spacing: 0px; float: none; display: inline !important; white-space: normal; orphans: 2; widows: 2; background-color: #ffffff; font-variant-ligatures: normal; font-variant-caps: normal; -webkit-text-stroke-width: 0px; text-decoration-thickness: initial; text-decoration-style: initial; text-decoration-color: initial;\">Les bonbons au caramel doivent leur texture lisse \u00e0 la formule traditionnelle et aux mati\u00e8res premi\u00e8res de la plus haute qualit\u00e9. Ces bonbons acqui\u00e8rent un go\u00fbt extraordinaire en m\u00fbrissant pendant le processus de cristallisation du sucre de l\u2019ext\u00e9rieur vers l\u2019int\u00e9rieur, ce qui forme une cro\u00fbte croquante tout en laissant une d\u00e9licate goutte de caramel liquide \u00e0 l\u2019int\u00e9rieur du bonbon.\u00a0<\/span><\/p>\n<p>&nbsp;<\/p>\n","protected":false},"excerpt":{"rendered":"<p>&nbsp;<\/p>\n<p>Ingr\u00e9dients : Sucre, sirop de glucose, margarine (mati\u00e8res grasses v\u00e9g\u00e9tales : huile de palme, huile de colza, huile de palme partiellement hydrog\u00e9n\u00e9e ; eau, \u00e9mulsifiant : E471, l\u00e9cithine, r\u00e9gulateur d\u2019acidit\u00e9 : acide citrique, ar\u00f4me, colorant : annatto),\u00a0<strong>lait\u00a0<\/strong>\u00e9cr\u00e9m\u00e9 en poudre (6 %),\u00a0<strong>lait\u00a0<\/strong>entier en poudre (4 %),\u00a0<strong>beurre<\/strong>, ar\u00f4me. <a class=\"more-link\" href=\"https:\/\/dom-polski.fr\/index.php\/product\/bonbons-caramel-au-lait-1-kilo-mieszko\/\">Afficher la suite \u2192<\/a><\/p>\n","protected":false},"featured_media":6964,"comment_status":"open","ping_status":"closed","template":"","meta":{"spay_email":"","jetpack_publicize_message":"","jetpack_is_tweetstorm":false},"aioseo_notices":[],"jetpack_publicize_connections":[],"jetpack_likes_enabled":false,"_links":{"self":[{"href":"https:\/\/dom-polski.fr\/index.php\/wp-json\/wp\/v2\/product\/7158"}],"collection":[{"href":"https:\/\/dom-polski.fr\/index.php\/wp-json\/wp\/v2\/product"}],"about":[{"href":"https:\/\/dom-polski.fr\/index.php\/wp-json\/wp\/v2\/types\/product"}],"replies":[{"embeddable":true,"href":"https:\/\/dom-polski.fr\/index.php\/wp-json\/wp\/v2\/comments?post=7158"}],"wp:featuredmedia":[{"embeddable":true,"href":"https:\/\/dom-polski.fr\/index.php\/wp-json\/wp\/v2\/media\/6964"}],"wp:attachment":[{"href":"https:\/\/dom-polski.fr\/index.php\/wp-json\/wp\/v2\/media?parent=7158"}],"curies":[{"name":"wp","href":"https:\/\/api.w.org\/{rel}","templated":true}]}}