{"id":7157,"date":"2021-04-22T10:48:55","date_gmt":"2021-04-22T08:48:55","guid":{"rendered":"https:\/\/dom-polski.fr\/?post_type=product&#038;p=7157"},"modified":"2021-04-22T10:49:10","modified_gmt":"2021-04-22T08:49:10","slug":"gelee-a-lorange-enrobee-de-chocolat-190-g-mella","status":"publish","type":"product","link":"https:\/\/dom-polski.fr\/index.php\/product\/gelee-a-lorange-enrobee-de-chocolat-190-g-mella\/","title":{"rendered":"Gel\u00e9e \u00e0 l&rsquo;orange enrob\u00e9e de chocolat 190 g Mella"},"content":{"rendered":"<p><span style=\"text-align: left; color: #6c757d; text-transform: none; text-indent: 0px; letter-spacing: normal; font-family: 'Noto Serif', serif; font-size: 14px; font-style: normal; font-weight: 400; word-spacing: 0px; float: none; display: inline !important; white-space: normal; orphans: 2; widows: 2; background-color: #ffffff; font-variant-ligatures: normal; font-variant-caps: normal; -webkit-text-stroke-width: 0px; text-decoration-thickness: initial; text-decoration-style: initial; text-decoration-color: initial;\">Ingr\u00e9dients : Sucre, sirop de glucose, chocolat 19 % (sucre, liqueur de cacao, beurre de cacao, mati\u00e8res grasses v\u00e9g\u00e9tales : palme, karit\u00e9, cacao en poudre faible en gras, \u00e9mulsifiants : l\u00e9cithine de soja, E 476, ar\u00f4me), eau, jus concentr\u00e9 d&rsquo;orange 6 % , sorbitol, r\u00e9gulateur d&rsquo;acidit\u00e9 (acide citrique), g\u00e9lifiant (pectine), stabilisateur (citrate de sodium), ar\u00f4me.<br \/>\nAllerg\u00e8nes : Contient du soja. Peut contenir des arachides, des noix, du lait, du gluten et des blancs d&rsquo;oeufs. Stocker dans un endroit sec et frais.<\/span><\/p>\n","protected":false},"excerpt":{"rendered":"<p>Ingr\u00e9dients : Sucre, sirop de glucose, chocolat 19 % (sucre, liqueur de cacao, beurre de cacao, mati\u00e8res grasses v\u00e9g\u00e9tales : palme, karit\u00e9, cacao en poudre faible en gras, \u00e9mulsifiants : <a class=\"more-link\" href=\"https:\/\/dom-polski.fr\/index.php\/product\/gelee-a-lorange-enrobee-de-chocolat-190-g-mella\/\">Afficher la suite \u2192<\/a><\/p>\n","protected":false},"featured_media":7085,"comment_status":"open","ping_status":"closed","template":"","meta":{"spay_email":"","jetpack_publicize_message":"","jetpack_is_tweetstorm":false},"aioseo_notices":[],"jetpack_publicize_connections":[],"jetpack_likes_enabled":false,"_links":{"self":[{"href":"https:\/\/dom-polski.fr\/index.php\/wp-json\/wp\/v2\/product\/7157"}],"collection":[{"href":"https:\/\/dom-polski.fr\/index.php\/wp-json\/wp\/v2\/product"}],"about":[{"href":"https:\/\/dom-polski.fr\/index.php\/wp-json\/wp\/v2\/types\/product"}],"replies":[{"embeddable":true,"href":"https:\/\/dom-polski.fr\/index.php\/wp-json\/wp\/v2\/comments?post=7157"}],"wp:featuredmedia":[{"embeddable":true,"href":"https:\/\/dom-polski.fr\/index.php\/wp-json\/wp\/v2\/media\/7085"}],"wp:attachment":[{"href":"https:\/\/dom-polski.fr\/index.php\/wp-json\/wp\/v2\/media?parent=7157"}],"curies":[{"name":"wp","href":"https:\/\/api.w.org\/{rel}","templated":true}]}}