{"id":7150,"date":"2021-04-21T10:50:24","date_gmt":"2021-04-21T08:50:24","guid":{"rendered":"https:\/\/dom-polski.fr\/?post_type=product&#038;p=7150"},"modified":"2026-03-10T09:30:21","modified_gmt":"2026-03-10T08:30:21","slug":"preparation-pour-gelee-de-groseilles-vertes-winiary-71-g","status":"publish","type":"product","link":"https:\/\/dom-polski.fr\/index.php\/product\/preparation-pour-gelee-de-groseilles-vertes-winiary-71-g\/","title":{"rendered":"Pr\u00e9paration pour gel\u00e9e de groseilles vertes Winiary 71 g"},"content":{"rendered":"<p>Ingr\u00e9dients : Sucre, g\u00e9latine, r\u00e9gulateur d&rsquo;acidit\u00e9 (acide citrique)), ar\u00f4me, colorants (curcumine, complexes de cuivre de chlorophylles et chlorophyllines).<br \/>\nAllerg\u00e8nes : Peut contenir : sans gluten.<\/p>\n<p>Valeur nutritionnelles pour 100 g : Energie-calories : 201 kJ\/47 kcal, mani\u00e8res grasses : 0.00 g, dont acides gras satur\u00e9s : 0.00 g, glucides : 10.30 g, dont sucres : 10.30 g,\u00a0 fibres alimentaires : 0.00 g, prot\u00e9ines : 1.50 g, sel : 0.00 g.<\/p>\n","protected":false},"excerpt":{"rendered":"<p>Ingr\u00e9dients : Sucre, g\u00e9latine, r\u00e9gulateur d&rsquo;acidit\u00e9 (acide citrique)), ar\u00f4me, colorants (curcumine, complexes de cuivre de chlorophylles et chlorophyllines). Allerg\u00e8nes : Peut contenir : sans gluten. Valeur nutritionnelles pour 100 g <a class=\"more-link\" href=\"https:\/\/dom-polski.fr\/index.php\/product\/preparation-pour-gelee-de-groseilles-vertes-winiary-71-g\/\">Afficher la suite \u2192<\/a><\/p>\n","protected":false},"featured_media":7151,"comment_status":"open","ping_status":"closed","template":"","meta":{"spay_email":"","jetpack_publicize_message":"","jetpack_is_tweetstorm":false},"aioseo_notices":[],"jetpack_publicize_connections":[],"jetpack_likes_enabled":false,"_links":{"self":[{"href":"https:\/\/dom-polski.fr\/index.php\/wp-json\/wp\/v2\/product\/7150"}],"collection":[{"href":"https:\/\/dom-polski.fr\/index.php\/wp-json\/wp\/v2\/product"}],"about":[{"href":"https:\/\/dom-polski.fr\/index.php\/wp-json\/wp\/v2\/types\/product"}],"replies":[{"embeddable":true,"href":"https:\/\/dom-polski.fr\/index.php\/wp-json\/wp\/v2\/comments?post=7150"}],"wp:featuredmedia":[{"embeddable":true,"href":"https:\/\/dom-polski.fr\/index.php\/wp-json\/wp\/v2\/media\/7151"}],"wp:attachment":[{"href":"https:\/\/dom-polski.fr\/index.php\/wp-json\/wp\/v2\/media?parent=7150"}],"curies":[{"name":"wp","href":"https:\/\/api.w.org\/{rel}","templated":true}]}}