{"id":713,"date":"2018-02-05T15:01:15","date_gmt":"2018-02-05T14:01:15","guid":{"rendered":"http:\/\/dom-polski.fr\/?post_type=product&#038;p=713"},"modified":"2024-03-30T10:01:35","modified_gmt":"2024-03-30T09:01:35","slug":"concentre-de-soupe-barszcz-300-ml","status":"publish","type":"product","link":"https:\/\/dom-polski.fr\/index.php\/product\/concentre-de-soupe-barszcz-300-ml\/","title":{"rendered":"Concentr\u00e9 de soupe barszcz 300 ml"},"content":{"rendered":"<p>Ingr\u00e9dients :<br \/>\nEau, sucre, sirop de glucose-fructose, sel, r\u00e9gulateur d\u2019acidit\u00e9 &#8211; acide citrique, l\u00e9gumes et extraits (y compris le c\u00e9leri), \u00e9pices et extraits d\u2019\u00e9pices (y compris le c\u00e9leri, le lait).<br \/>\nAllerg\u00e8nes : le produit contient du c\u00e9leri, du lait.<br \/>\nValeur nutritionnelle pour 100 ml : Valeur \u00e9nerg\u00e9tique 876 kj\/206 kcal, lipides &lt;0,5 gr, y compris les acides satur\u00e9s &lt;0,1 gr, glucides 43 gr, y compris les sucr\u00e9s 43 gr, prot\u00e9ines 6,6 gr, sel 5 gr. Apport de r\u00e9f\u00e9rence pour l\u2019adulte moyen (8400 kj\/2000 kcal).<br \/>\nPoids net : 300 ml.<\/p>\n","protected":false},"excerpt":{"rendered":"<p>Concentr\u00e9 de soupe barszcz 300 ml<br \/>\nConcentr\u00e9 de soupe aux betteraves.<br \/>\nPr\u00e9paration : Rajouter le concentr\u00e9 dans de l&rsquo;eau bouillante et bien m\u00e9langer. Ce concentr\u00e9 suffit pour faire de 4 \u00e0 6 litres de soupe.<\/p>\n<p>Marque : Krakus<\/p>\n<p>Poids brut : 0.58 kg <a class=\"more-link\" href=\"https:\/\/dom-polski.fr\/index.php\/product\/concentre-de-soupe-barszcz-300-ml\/\">Afficher la suite \u2192<\/a><\/p>\n","protected":false},"featured_media":715,"comment_status":"open","ping_status":"closed","template":"","meta":{"spay_email":"","jetpack_publicize_message":"","jetpack_is_tweetstorm":false},"aioseo_notices":[],"jetpack_publicize_connections":[],"jetpack_likes_enabled":false,"_links":{"self":[{"href":"https:\/\/dom-polski.fr\/index.php\/wp-json\/wp\/v2\/product\/713"}],"collection":[{"href":"https:\/\/dom-polski.fr\/index.php\/wp-json\/wp\/v2\/product"}],"about":[{"href":"https:\/\/dom-polski.fr\/index.php\/wp-json\/wp\/v2\/types\/product"}],"replies":[{"embeddable":true,"href":"https:\/\/dom-polski.fr\/index.php\/wp-json\/wp\/v2\/comments?post=713"}],"wp:featuredmedia":[{"embeddable":true,"href":"https:\/\/dom-polski.fr\/index.php\/wp-json\/wp\/v2\/media\/715"}],"wp:attachment":[{"href":"https:\/\/dom-polski.fr\/index.php\/wp-json\/wp\/v2\/media?parent=713"}],"curies":[{"name":"wp","href":"https:\/\/api.w.org\/{rel}","templated":true}]}}