{"id":708,"date":"2018-02-05T14:50:41","date_gmt":"2018-02-05T13:50:41","guid":{"rendered":"http:\/\/dom-polski.fr\/?post_type=product&#038;p=708"},"modified":"2021-01-30T20:05:52","modified_gmt":"2021-01-30T19:05:52","slug":"guimauve-a-la-vanille","status":"publish","type":"product","link":"https:\/\/dom-polski.fr\/index.php\/product\/guimauve-a-la-vanille\/","title":{"rendered":"Guimauve \u00e0 la vanille 380 g"},"content":{"rendered":"<p>Ingr\u00e9dients : Chocolat noir 28 % (sucre, liqueur de cacao, mati\u00e8re grasse de cacao, mati\u00e8re grasse de lait, \u00e9mulsifiants : l\u00e9cithine de soja et E 476, ar\u00f4me), sucre, sirop de glucose, beurre, lait condens\u00e9 sucr\u00e9, solution de sucre inverti, blanc d&rsquo;oeuf en poudre, agent g\u00e9lifiant (g\u00e9lose), r\u00e9gulateur d&rsquo;acidit\u00e9 (acide citrique), agent de conservation (E202), ar\u00f4me, ar\u00f4me naturel de vanille.<br \/>\nChocolat noir : liqueur de cacao 47 % au minimum<\/p>\n","protected":false},"excerpt":{"rendered":"<p>Guimauve Ptasie Mleczko \u00e0 la cr\u00e8me fra\u00eeche 380 g<br \/>\nMousse de cr\u00e8me fra\u00eeche enrob\u00e9e de chocolat, le Ptasie Mleczko est tr\u00e8s connu et tr\u00e8s populaire en Pologne. Cette confiserie est id\u00e9ale pour accompagner le th\u00e9 ou le caf\u00e9.<br \/>\nMarque : E. Wedel<br \/>\nPoids net : 380 g<br \/>\nPoids brut : 460 g <a class=\"more-link\" href=\"https:\/\/dom-polski.fr\/index.php\/product\/guimauve-a-la-vanille\/\">Afficher la suite \u2192<\/a><\/p>\n","protected":false},"featured_media":709,"comment_status":"open","ping_status":"closed","template":"","meta":{"spay_email":"","jetpack_publicize_message":"","jetpack_is_tweetstorm":false},"aioseo_notices":[],"jetpack_publicize_connections":[],"jetpack_likes_enabled":false,"_links":{"self":[{"href":"https:\/\/dom-polski.fr\/index.php\/wp-json\/wp\/v2\/product\/708"}],"collection":[{"href":"https:\/\/dom-polski.fr\/index.php\/wp-json\/wp\/v2\/product"}],"about":[{"href":"https:\/\/dom-polski.fr\/index.php\/wp-json\/wp\/v2\/types\/product"}],"replies":[{"embeddable":true,"href":"https:\/\/dom-polski.fr\/index.php\/wp-json\/wp\/v2\/comments?post=708"}],"wp:featuredmedia":[{"embeddable":true,"href":"https:\/\/dom-polski.fr\/index.php\/wp-json\/wp\/v2\/media\/709"}],"wp:attachment":[{"href":"https:\/\/dom-polski.fr\/index.php\/wp-json\/wp\/v2\/media?parent=708"}],"curies":[{"name":"wp","href":"https:\/\/api.w.org\/{rel}","templated":true}]}}