{"id":6684,"date":"2021-03-26T10:25:30","date_gmt":"2021-03-26T09:25:30","guid":{"rendered":"https:\/\/dom-polski.fr\/?post_type=product&#038;p=6684"},"modified":"2023-09-06T22:33:51","modified_gmt":"2023-09-06T20:33:51","slug":"gourde-de-caramel-wedel-50-g","status":"publish","type":"product","link":"https:\/\/dom-polski.fr\/index.php\/product\/gourde-de-caramel-wedel-50-g\/","title":{"rendered":"Gourde de caramel 50 g E. Wedel"},"content":{"rendered":"<p>Ingr\u00e9dients : Sucre, mati\u00e8res grasses v\u00e9g\u00e9tales (palme, karit\u00e9), lactos\u00e9rum en poudre (lait), lait \u00e9cr\u00e9m\u00e9 en poudre (9,5 %), caramel en poudre (8 %), (lait \u00e9cr\u00e9m\u00e9, lactos\u00e9rum (lait), sucre, beurre, ar\u00f4me), chocolat blanc (1,5 %), (sucre, beurre de cacao, lait entier en poudre, \u00e9mulsifiant : l\u00e9cithine de soja, arome), \u00e9mulsifiant : l\u00e9cithine de soja, ar\u00f4me.<br \/>\nPeut contenir des arachides, des noix, des \u0153ufs, des graisses de moutarde et du c\u00e9leri.<br \/>\nPoids : 50 g<br \/>\nValeurs nutritionnelles pour 100 g :<br \/>\nEnergie-calorie : 2332 kJ\/559 kcal, mati\u00e8res grasses : 34 g, dont acides gras satur\u00e9s : 17 g, glucides : 57 g, dont sucres : 57 g, prot\u00e9ines : 6,40 g, sel : 0,35 g<\/p>\n","protected":false},"excerpt":{"rendered":"<p>Ingr\u00e9dients : Sucre, mati\u00e8res grasses v\u00e9g\u00e9tales (palme, karit\u00e9), lactos\u00e9rum en poudre (lait), lait \u00e9cr\u00e9m\u00e9 en poudre (9,5 %), caramel en poudre (8 %), (lait \u00e9cr\u00e9m\u00e9, lactos\u00e9rum (lait), sucre, beurre, ar\u00f4me), <a class=\"more-link\" href=\"https:\/\/dom-polski.fr\/index.php\/product\/gourde-de-caramel-wedel-50-g\/\">Afficher la suite \u2192<\/a><\/p>\n","protected":false},"featured_media":6683,"comment_status":"open","ping_status":"closed","template":"","meta":{"spay_email":"","jetpack_publicize_message":"","jetpack_is_tweetstorm":false},"aioseo_notices":[],"jetpack_publicize_connections":[],"jetpack_likes_enabled":false,"_links":{"self":[{"href":"https:\/\/dom-polski.fr\/index.php\/wp-json\/wp\/v2\/product\/6684"}],"collection":[{"href":"https:\/\/dom-polski.fr\/index.php\/wp-json\/wp\/v2\/product"}],"about":[{"href":"https:\/\/dom-polski.fr\/index.php\/wp-json\/wp\/v2\/types\/product"}],"replies":[{"embeddable":true,"href":"https:\/\/dom-polski.fr\/index.php\/wp-json\/wp\/v2\/comments?post=6684"}],"wp:featuredmedia":[{"embeddable":true,"href":"https:\/\/dom-polski.fr\/index.php\/wp-json\/wp\/v2\/media\/6683"}],"wp:attachment":[{"href":"https:\/\/dom-polski.fr\/index.php\/wp-json\/wp\/v2\/media?parent=6684"}],"curies":[{"name":"wp","href":"https:\/\/api.w.org\/{rel}","templated":true}]}}