{"id":6627,"date":"2021-03-18T11:25:03","date_gmt":"2021-03-18T10:25:03","guid":{"rendered":"https:\/\/dom-polski.fr\/?post_type=product&#038;p=6627"},"modified":"2021-03-18T11:32:10","modified_gmt":"2021-03-18T10:32:10","slug":"mug","status":"publish","type":"product","link":"https:\/\/dom-polski.fr\/index.php\/product\/mug\/","title":{"rendered":"Mug \u00ab\u00a0I love Poland\u00a0\u00bb"},"content":{"rendered":"<p>Contenance : 330 ml<br \/>\nHauteur : 9,70 cm<br \/>\nDiam\u00e8tre : 8,00 cm<br \/>\nMati\u00e8re : C\u00e9ramique<\/p>\n","protected":false},"excerpt":{"rendered":"<p>Contenance : 330 ml Hauteur : 9,70 cm Diam\u00e8tre : 8,00 cm Mati\u00e8re : C\u00e9ramique<\/p>\n","protected":false},"featured_media":6629,"comment_status":"open","ping_status":"closed","template":"","meta":{"spay_email":"","jetpack_publicize_message":"","jetpack_is_tweetstorm":false},"aioseo_notices":[],"jetpack_publicize_connections":[],"jetpack_likes_enabled":false,"_links":{"self":[{"href":"https:\/\/dom-polski.fr\/index.php\/wp-json\/wp\/v2\/product\/6627"}],"collection":[{"href":"https:\/\/dom-polski.fr\/index.php\/wp-json\/wp\/v2\/product"}],"about":[{"href":"https:\/\/dom-polski.fr\/index.php\/wp-json\/wp\/v2\/types\/product"}],"replies":[{"embeddable":true,"href":"https:\/\/dom-polski.fr\/index.php\/wp-json\/wp\/v2\/comments?post=6627"}],"wp:featuredmedia":[{"embeddable":true,"href":"https:\/\/dom-polski.fr\/index.php\/wp-json\/wp\/v2\/media\/6629"}],"wp:attachment":[{"href":"https:\/\/dom-polski.fr\/index.php\/wp-json\/wp\/v2\/media?parent=6627"}],"curies":[{"name":"wp","href":"https:\/\/api.w.org\/{rel}","templated":true}]}}