{"id":6623,"date":"2021-03-17T16:32:58","date_gmt":"2021-03-17T15:32:58","guid":{"rendered":"https:\/\/dom-polski.fr\/?post_type=product&#038;p=6623"},"modified":"2021-03-17T16:32:59","modified_gmt":"2021-03-17T15:32:59","slug":"babouchka-chat-noir-5-pieces","status":"publish","type":"product","link":"https:\/\/dom-polski.fr\/index.php\/product\/babouchka-chat-noir-5-pieces\/","title":{"rendered":"Babouchka \u00ab\u00a0Chat noir\u00a0\u00bb 5 pi\u00e8ces"},"content":{"rendered":"<p>Taille de la plus grande pi\u00e8ce : 10,50 cm<br \/>\nTaille de la plus petite pi\u00e8ce : 5,50 cm<br \/>\nNombre de pi\u00e8ces : 5<br \/>\nMati\u00e8re : Bois<\/p>\n","protected":false},"excerpt":{"rendered":"<p>Taille de la plus grande pi\u00e8ce : 10,50 cm Taille de la plus petite pi\u00e8ce : 5,50 cm Nombre de pi\u00e8ces : 5 Mati\u00e8re : Bois<\/p>\n","protected":false},"featured_media":6624,"comment_status":"open","ping_status":"closed","template":"","meta":{"spay_email":"","jetpack_publicize_message":"","jetpack_is_tweetstorm":false},"aioseo_notices":[],"jetpack_publicize_connections":[],"jetpack_likes_enabled":false,"_links":{"self":[{"href":"https:\/\/dom-polski.fr\/index.php\/wp-json\/wp\/v2\/product\/6623"}],"collection":[{"href":"https:\/\/dom-polski.fr\/index.php\/wp-json\/wp\/v2\/product"}],"about":[{"href":"https:\/\/dom-polski.fr\/index.php\/wp-json\/wp\/v2\/types\/product"}],"replies":[{"embeddable":true,"href":"https:\/\/dom-polski.fr\/index.php\/wp-json\/wp\/v2\/comments?post=6623"}],"wp:featuredmedia":[{"embeddable":true,"href":"https:\/\/dom-polski.fr\/index.php\/wp-json\/wp\/v2\/media\/6624"}],"wp:attachment":[{"href":"https:\/\/dom-polski.fr\/index.php\/wp-json\/wp\/v2\/media?parent=6623"}],"curies":[{"name":"wp","href":"https:\/\/api.w.org\/{rel}","templated":true}]}}